{"id":836,"date":"2020-06-27T17:07:13","date_gmt":"2020-06-27T17:07:13","guid":{"rendered":"http:\/\/phuongphuphat.com\/?post_type=product&#038;p=836"},"modified":"2023-04-11T15:52:43","modified_gmt":"2023-04-11T15:52:43","slug":"khoa-dai-sat","status":"publish","type":"product","link":"https:\/\/phuongphuphat.com\/?product=khoa-dai-sat","title":{"rendered":"Kh\u00f3a \u0111ai s\u1eaft"},"content":{"rendered":"<p>Kh\u00f3a \u0111ai s\u1eaft, hay c\u00f2n g\u1ecdi l\u00e0 b\u1ecd s\u1eaft, \u0111c l\u00e0m b\u1eb1ng s\u1eaft, n\u00ean c\u00f3 \u0111\u1ed9 ch\u1eafc ch\u1eafn v\u00e0 b\u1ec1n h\u01a1n kh\u00f3a \u0111ai nh\u1ef1a. \u0110\u01b0\u1ee3c l\u00e0m b\u1eb1ng s\u1eaft, k\u1ebft c\u1ea5u nh\u01b0 h\u00ecnh ch\u1eef U, khi \u0111\u00f3ng d\u00e2y \u0111ai, s\u1ebd \u00f4m ch\u1eb7t v\u00e0o d\u00e2y \u0111ai, t\u1ea1o ra \u0111\u1ed9 ch\u1eafc ch\u1eafn tuy\u1ec7t \u0111\u1ed1i trong qu\u00e1 tr\u00ecnh \u0111\u00f3ng d\u00e2y \u0111ai v\u00e0 v\u1eabn \u0111\u1ea3m b\u1ea3o kh\u00f4ng b\u1ecb t\u1ed5n h\u1ea1i \u0111\u1ebfn ch\u1ea5t l\u01b0\u1ee3ng c\u1ee7a s\u1ea3n ph\u1ea9m ho\u1eb7c th\u00f9ng h\u00e0ng. B\u1ecd s\u1eaft kh\u00f3a \u0111ai th\u00edch h\u1ee3p \u0111\u1ec3 \u0111\u00f3ng d\u00e2y \u0111ai c\u00f3 b\u1ea3n r\u1ed9ng t\u1eeb 12mm \u0111\u1ebfn 32mm.<\/p>\n<p><img loading=\"lazy\" class=\"alignnone size-medium wp-image-840\" src=\"http:\/\/phuongphuphat.com\/wp-content\/uploads\/2020\/06\/c1d4d82ff3c10e9f57d0-300x300.jpg\" alt=\"\" width=\"300\" height=\"300\" srcset=\"https:\/\/phuongphuphat.com\/wp-content\/uploads\/2020\/06\/c1d4d82ff3c10e9f57d0-300x300.jpg 300w, https:\/\/phuongphuphat.com\/wp-content\/uploads\/2020\/06\/c1d4d82ff3c10e9f57d0-1024x1019.jpg 1024w, https:\/\/phuongphuphat.com\/wp-content\/uploads\/2020\/06\/c1d4d82ff3c10e9f57d0-150x150.jpg 150w, https:\/\/phuongphuphat.com\/wp-content\/uploads\/2020\/06\/c1d4d82ff3c10e9f57d0-510x508.jpg 510w, https:\/\/phuongphuphat.com\/wp-content\/uploads\/2020\/06\/c1d4d82ff3c10e9f57d0-100x100.jpg 100w, https:\/\/phuongphuphat.com\/wp-content\/uploads\/2020\/06\/c1d4d82ff3c10e9f57d0.jpg 1280w\" sizes=\"(max-width: 300px) 100vw, 300px\" \/>\u00a0 \u00a0 \u00a0 <img loading=\"lazy\" class=\"alignnone size-medium wp-image-838\" src=\"http:\/\/phuongphuphat.com\/wp-content\/uploads\/2020\/06\/90f47b0850e6adb8f4f7-300x300.jpg\" alt=\"\" width=\"300\" height=\"300\" srcset=\"https:\/\/phuongphuphat.com\/wp-content\/uploads\/2020\/06\/90f47b0850e6adb8f4f7-300x300.jpg 300w, https:\/\/phuongphuphat.com\/wp-content\/uploads\/2020\/06\/90f47b0850e6adb8f4f7-150x150.jpg 150w, https:\/\/phuongphuphat.com\/wp-content\/uploads\/2020\/06\/90f47b0850e6adb8f4f7-100x100.jpg 100w, https:\/\/phuongphuphat.com\/wp-content\/uploads\/2020\/06\/90f47b0850e6adb8f4f7.jpg 500w\" sizes=\"(max-width: 300px) 100vw, 300px\" \/><\/p>\n","protected":false},"excerpt":{"rendered":"<p>Kh\u00f3a \u0111ai s\u1eaft, hay c\u00f2n g\u1ecdi l\u00e0 b\u1ecd s\u1eaft, \u0111c l\u00e0m b\u1eb1ng s\u1eaft, n\u00ean c\u00f3 \u0111\u1ed9 ch\u1eafc ch\u1eafn v\u00e0 b\u1ec1n h\u01a1n kh\u00f3a \u0111ai nh\u1ef1a. \u0110\u01b0\u1ee3c l\u00e0m b\u1eb1ng s\u1eaft, k\u1ebft c\u1ea5u nh\u01b0 h\u00ecnh ch\u1eef U, khi \u0111\u00f3ng d\u00e2y \u0111ai, s\u1ebd \u00f4m ch\u1eb7t v\u00e0o d\u00e2y \u0111ai, t\u1ea1o ra \u0111\u1ed9 ch\u1eafc ch\u1eafn tuy\u1ec7t \u0111\u1ed1i trong qu\u00e1 tr\u00ecnh \u0111\u00f3ng &#8230;<\/p>\n","protected":false},"featured_media":839,"comment_status":"open","ping_status":"closed","template":"","meta":[],"_links":{"self":[{"href":"https:\/\/phuongphuphat.com\/index.php?rest_route=\/wp\/v2\/product\/836"}],"collection":[{"href":"https:\/\/phuongphuphat.com\/index.php?rest_route=\/wp\/v2\/product"}],"about":[{"href":"https:\/\/phuongphuphat.com\/index.php?rest_route=\/wp\/v2\/types\/product"}],"replies":[{"embeddable":true,"href":"https:\/\/phuongphuphat.com\/index.php?rest_route=%2Fwp%2Fv2%2Fcomments&post=836"}],"wp:featuredmedia":[{"embeddable":true,"href":"https:\/\/phuongphuphat.com\/index.php?rest_route=\/wp\/v2\/media\/839"}],"wp:attachment":[{"href":"https:\/\/phuongphuphat.com\/index.php?rest_route=%2Fwp%2Fv2%2Fmedia&parent=836"}],"curies":[{"name":"wp","href":"https:\/\/api.w.org\/{rel}","templated":true}]}}