{"id":803,"date":"2020-06-27T15:52:14","date_gmt":"2020-06-27T15:52:14","guid":{"rendered":"http:\/\/phuongphuphat.com\/?post_type=product&#038;p=803"},"modified":"2023-04-11T15:52:43","modified_gmt":"2023-04-11T15:52:43","slug":"day-cau-du","status":"publish","type":"product","link":"https:\/\/phuongphuphat.com\/?product=day-cau-du","title":{"rendered":"D\u00e2y c\u1ea9u d\u00f9"},"content":{"rendered":"<p>S\u1ea3n ph\u1ea9m d\u00e2y c\u00e1p b\u1eb9 \u0111\u01b0\u1ee3c s\u1ea3n xu\u1ea5t t\u1eeb polyester, c\u00f3 c\u1ea5u tr\u00fac t\u1ea5m s\u1ee3i c\u00e1p. Do \u0111\u00f3, ch\u00fang c\u00f3 nhi\u1ec1u \u01b0u \u0111i\u1ec3m n\u1ed5i b\u1eadt l\u00e0:<\/p>\n<p>&nbsp;<\/p>\n<p>S\u1ea3n ph\u1ea9m \u0111\u1ea3m b\u1ea3o \u0111\u1ed9 b\u1ec1n ch\u1eafc cao, ch\u1ecbu l\u1ef1c t\u1ed1t, t\u00ednh \u1ed5n \u0111\u1ecbnh cao, tr\u00e1nh t\u00ecnh tr\u1ea1ng \u0111\u1ee9t \u0111\u1ed9t ng\u1ed9t trong qu\u00e1 tr\u00ecnh l\u00e0m vi\u1ec7c c\u1ee7a kh\u00e1ch h\u00e0ng.<\/p>\n<p>S\u1ea3n ph\u1ea9m v\u1edbi c\u1ea5u t\u1ea1o ch\u1eafc ch\u1eafn, ph\u00f9 h\u1ee3p v\u1edbi m\u1ecdi \u0111i\u1ec1u ki\u1ec7n th\u1eddi ti\u1ebft d\u00f9 l\u00e0 kh\u1eafc nghi\u1ec7t nh\u1ea5t nh\u01b0 n\u01b0\u1edbc, axit, nhi\u1ec7t \u0111\u1ed9 cao, d\u1ea7u m\u1ee1, bazo,\u2026.<\/p>\n<p>Tr\u1ecdng l\u01b0\u1ee3ng d\u00e2y c\u00e1p b\u1eb9 r\u1ea5t nh\u1eb9, do \u0111\u00f3, ch\u00fang kh\u00f4ng l\u00e0m \u1ea3nh h\u01b0\u1edfng \u0111\u1ebfn qu\u00e1 tr\u00ecnh di chuy\u1ec3n, l\u1eafp \u0111\u1eb7t tr\u00ean c\u00f4ng tr\u01b0\u1eddng.<\/p>\n<p>B\u1ec1 m\u1eb7t s\u1ea3n ph\u1ea9m c\u00f3 \u0111\u1ed9 nh\u00e1m, ch\u1ed1ng tr\u01a1n, ch\u1ed1ng tr\u01b0\u1ee3t r\u1ea5t t\u1ed1t n\u00ean mang l\u1ea1i hi\u1ec7u qu\u1ea3 s\u1eed d\u1ee5ng cao.<\/p>\n<p><img loading=\"lazy\" class=\"alignnone size-medium wp-image-806\" src=\"http:\/\/phuongphuphat.com\/wp-content\/uploads\/2020\/06\/CAP-VAI-DAY-CAU-DU-300x225.jpg\" alt=\"\" width=\"300\" height=\"225\" srcset=\"https:\/\/phuongphuphat.com\/wp-content\/uploads\/2020\/06\/CAP-VAI-DAY-CAU-DU-300x225.jpg 300w, https:\/\/phuongphuphat.com\/wp-content\/uploads\/2020\/06\/CAP-VAI-DAY-CAU-DU-768x576.jpg 768w, https:\/\/phuongphuphat.com\/wp-content\/uploads\/2020\/06\/CAP-VAI-DAY-CAU-DU-510x383.jpg 510w, https:\/\/phuongphuphat.com\/wp-content\/uploads\/2020\/06\/CAP-VAI-DAY-CAU-DU.jpg 1024w\" sizes=\"(max-width: 300px) 100vw, 300px\" \/><\/p>\n<p><strong>\u0110\u1eb7c \u0111i\u1ec3m d\u00e2y c\u00e1p b\u1eb9:<\/strong><\/p>\n<p>S\u1ea3n ph\u1ea9m \u0111\u01b0\u1ee3c l\u00e0m t\u1eeb 100% ch\u1ea5t l\u01b0\u1ee3ng polyester<\/p>\n<p>Thi\u1ebft k\u1ebf d\u1ea1ng b\u1ea3n d\u1eb9t, 2 \u0111\u1ea7u m\u1eaft, d\u1ec7t 1 l\u1edbp<\/p>\n<p>T\u1ea3i tr\u1ecdng: C\u00e1p b\u1eb9 c\u1ea9u h\u00e0ng c\u00f3 th\u1ec3 ch\u1ecbu \u0111\u01b0\u1ee3c tr\u1ecdng l\u01b0\u1ee3ng s\u1ea3n ph\u1ea9m kh\u00e1c nhau. Do \u0111\u00f3, ch\u00fang c\u00f3 th\u1ec3 \u0111\u00e1p \u1ee9ng \u0111\u1ea7y \u0111\u1ee7 nhu c\u1ea7u \u0111a d\u1ea1ng c\u1ee7a kh\u00e1ch h\u00e0ng.<\/p>\n<p>B\u1ea3n r\u1ed9ng: B\u1ea3n r\u1ed9ng \u0111a d\u1ea1ng, gi\u00fap ng\u01b0\u1eddi s\u1eed d\u1ee5ng c\u00f3 th\u1ec3 l\u1ef1a ch\u1ecdn c\u00e1c s\u1ea3n ph\u1ea9m v\u1edbi k\u00edch th\u01b0\u1edbc ph\u00f9 h\u1ed9 v\u1edbi nhu c\u1ea7u s\u1eed d\u1ee5ng.<\/p>\n<p>M\u00e0u s\u1eafc: M\u00e0u s\u1eafc s\u1ea3n ph\u1ea9m v\u00f4 c\u00f9ng \u0111a d\u1ea1ng, \u0111\u00e1p \u1ee9ng nhu c\u1ea7u th\u1ea9m m\u1ef9 c\u1ee7a ng\u01b0\u1eddi d\u00f9ng.<\/p>\n","protected":false},"excerpt":{"rendered":"<p>D\u00e2y c\u00e1p b\u1eb9 ( D\u00e2y c\u1ea9u d\u00f9)l\u00e0 s\u1ea3n ph\u1ea9m c\u00f3 thi\u1ebft k\u1ebf \u0111\u1eb7c bi\u1ec7t chuy\u00ean \u0111\u01b0\u1ee3c s\u1eed d\u1ee5ng trong n\u00e2ng h\u1ea1, di chuy\u1ec3n h\u00e0ng h\u00f3a v\u1edbi tr\u1ecdng l\u01b0\u1ee3ng n\u1eb7ng. Ch\u00fang gi\u00fap h\u00ecnh th\u00e0nh s\u1ef1 li\u00ean k\u1ebft gi\u1eefa c\u00e1c thi\u1ebft b\u1ecb n\u00e2ng h\u1ea1 v\u1edbi c\u00e1c ki\u1ec7n h\u00e0ng, gi\u00fap ng\u01b0\u1eddi s\u1eed d\u1ee5ng \u0111\u1ea3m b\u1ea3o s\u1ef1 thu\u1eadn ti\u1ec7n trong vi\u1ec7c n\u00e2ng nh\u1ea5c h\u00e0ng h\u00f3a.<\/p>\n","protected":false},"featured_media":807,"comment_status":"open","ping_status":"closed","template":"","meta":[],"_links":{"self":[{"href":"https:\/\/phuongphuphat.com\/index.php?rest_route=\/wp\/v2\/product\/803"}],"collection":[{"href":"https:\/\/phuongphuphat.com\/index.php?rest_route=\/wp\/v2\/product"}],"about":[{"href":"https:\/\/phuongphuphat.com\/index.php?rest_route=\/wp\/v2\/types\/product"}],"replies":[{"embeddable":true,"href":"https:\/\/phuongphuphat.com\/index.php?rest_route=%2Fwp%2Fv2%2Fcomments&post=803"}],"wp:featuredmedia":[{"embeddable":true,"href":"https:\/\/phuongphuphat.com\/index.php?rest_route=\/wp\/v2\/media\/807"}],"wp:attachment":[{"href":"https:\/\/phuongphuphat.com\/index.php?rest_route=%2Fwp%2Fv2%2Fmedia&parent=803"}],"curies":[{"name":"wp","href":"https:\/\/api.w.org\/{rel}","templated":true}]}}