{"id":794,"date":"2020-06-27T15:49:40","date_gmt":"2020-06-27T15:49:40","guid":{"rendered":"http:\/\/phuongphuphat.com\/?post_type=product&#038;p=794"},"modified":"2023-04-11T15:52:43","modified_gmt":"2023-04-11T15:52:43","slug":"bao-tay-len","status":"publish","type":"product","link":"https:\/\/phuongphuphat.com\/?product=bao-tay-len","title":{"rendered":"Bao tay len"},"content":{"rendered":"<p>Bao tay len Hi\u1ec3u m\u1ed9t c\u00e1ch \u0111\u01a1n gi\u1ea3n r\u1eb1ng bao tay len l\u00e0 m\u1ed9t lo\u1ea1i b\u1ea3o h\u1ed9 lao \u0111\u1ed9ng chuy\u00ean d\u1ee5ng cho nh\u00e2n c\u00f4ng tr\u00ean c\u00f4ng tr\u01b0\u1eddng, n\u00f4ng tr\u01b0\u1eddng, c\u00f4ng x\u01b0\u1edfng\u2026. ch\u1ea5t li\u1ec7u s\u1ea3n xu\u1ea5t bao tay len l\u00e0 len s\u1ee3i chi\u1ebfm 65 \u2013 100% cotton, v\u00ec v\u1eady s\u1ea3n h\u1ea9m c\u00f3 t\u00ean g\u1ecdi g\u1ea7n g\u0169i nh\u01b0 ch\u1ea5t li\u1ec7u s\u1ea3n xu\u1ea5t ra n\u00f3<\/p>\n<p>C\u00e1c s\u1ea3n ph\u1ea9m ch\u00fang t\u00f4i Ph\u01b0\u01a1ng Ph\u00fa Ph\u00e1t \u0111ang cung c\u1ea5p g\u1ed3m :<\/p>\n<p>&#8211; BAO TAY TR\u1eaeNG NG\u00c0<\/p>\n<p><img loading=\"lazy\" class=\"alignnone size-medium wp-image-797\" src=\"http:\/\/phuongphuphat.com\/wp-content\/uploads\/2020\/06\/697efcdaee0713594a16-300x168.jpg\" alt=\"\" width=\"300\" height=\"168\" srcset=\"https:\/\/phuongphuphat.com\/wp-content\/uploads\/2020\/06\/697efcdaee0713594a16-300x168.jpg 300w, https:\/\/phuongphuphat.com\/wp-content\/uploads\/2020\/06\/697efcdaee0713594a16-510x286.jpg 510w, https:\/\/phuongphuphat.com\/wp-content\/uploads\/2020\/06\/697efcdaee0713594a16.jpg 624w\" sizes=\"(max-width: 300px) 100vw, 300px\" \/><\/p>\n<p>&#8211; BAO TAY \u0110EN<\/p>\n<p><img loading=\"lazy\" class=\"alignnone size-medium wp-image-800\" src=\"http:\/\/phuongphuphat.com\/wp-content\/uploads\/2020\/06\/b91b0bdd1f00e25ebb11-300x225.jpg\" alt=\"\" width=\"300\" height=\"225\" srcset=\"https:\/\/phuongphuphat.com\/wp-content\/uploads\/2020\/06\/b91b0bdd1f00e25ebb11-300x225.jpg 300w, https:\/\/phuongphuphat.com\/wp-content\/uploads\/2020\/06\/b91b0bdd1f00e25ebb11-1024x767.jpg 1024w, https:\/\/phuongphuphat.com\/wp-content\/uploads\/2020\/06\/b91b0bdd1f00e25ebb11-768x575.jpg 768w, https:\/\/phuongphuphat.com\/wp-content\/uploads\/2020\/06\/b91b0bdd1f00e25ebb11-510x382.jpg 510w, https:\/\/phuongphuphat.com\/wp-content\/uploads\/2020\/06\/b91b0bdd1f00e25ebb11.jpg 1276w\" sizes=\"(max-width: 300px) 100vw, 300px\" \/><\/p>\n<p>&#8211; BAO TAY MU\u1ed0I TI\u00caU<\/p>\n<p><img loading=\"lazy\" class=\"alignnone size-medium wp-image-798\" src=\"http:\/\/phuongphuphat.com\/wp-content\/uploads\/2020\/06\/9391b513a6ce5b9002df-225x300.jpg\" alt=\"\" width=\"225\" height=\"300\" srcset=\"https:\/\/phuongphuphat.com\/wp-content\/uploads\/2020\/06\/9391b513a6ce5b9002df-225x300.jpg 225w, https:\/\/phuongphuphat.com\/wp-content\/uploads\/2020\/06\/9391b513a6ce5b9002df-767x1024.jpg 767w, https:\/\/phuongphuphat.com\/wp-content\/uploads\/2020\/06\/9391b513a6ce5b9002df-768x1025.jpg 768w, https:\/\/phuongphuphat.com\/wp-content\/uploads\/2020\/06\/9391b513a6ce5b9002df-510x681.jpg 510w, https:\/\/phuongphuphat.com\/wp-content\/uploads\/2020\/06\/9391b513a6ce5b9002df.jpg 956w\" sizes=\"(max-width: 225px) 100vw, 225px\" \/><\/p>\n<p>&#8211; BAO TAY PH\u1ee6 CAO SU<\/p>\n<p><img loading=\"lazy\" class=\"alignnone size-medium wp-image-796\" src=\"http:\/\/phuongphuphat.com\/wp-content\/uploads\/2020\/06\/37d662ca77178a49d306-225x300.jpg\" alt=\"\" width=\"225\" height=\"300\" srcset=\"https:\/\/phuongphuphat.com\/wp-content\/uploads\/2020\/06\/37d662ca77178a49d306-225x300.jpg 225w, https:\/\/phuongphuphat.com\/wp-content\/uploads\/2020\/06\/37d662ca77178a49d306-767x1024.jpg 767w, https:\/\/phuongphuphat.com\/wp-content\/uploads\/2020\/06\/37d662ca77178a49d306-768x1025.jpg 768w, https:\/\/phuongphuphat.com\/wp-content\/uploads\/2020\/06\/37d662ca77178a49d306-510x681.jpg 510w, https:\/\/phuongphuphat.com\/wp-content\/uploads\/2020\/06\/37d662ca77178a49d306.jpg 956w\" sizes=\"(max-width: 225px) 100vw, 225px\" \/><\/p>\n<p>&#8211; BAO TAY PH\u1ee6 H\u1ea0T NH\u1ef0A<\/p>\n<p><img loading=\"lazy\" class=\"alignnone size-medium wp-image-802\" src=\"http:\/\/phuongphuphat.com\/wp-content\/uploads\/2020\/06\/4b2448b05e6da333fa7c-300x300.jpg\" alt=\"\" width=\"300\" height=\"300\" srcset=\"https:\/\/phuongphuphat.com\/wp-content\/uploads\/2020\/06\/4b2448b05e6da333fa7c-300x300.jpg 300w, https:\/\/phuongphuphat.com\/wp-content\/uploads\/2020\/06\/4b2448b05e6da333fa7c-150x150.jpg 150w, https:\/\/phuongphuphat.com\/wp-content\/uploads\/2020\/06\/4b2448b05e6da333fa7c-510x510.jpg 510w, https:\/\/phuongphuphat.com\/wp-content\/uploads\/2020\/06\/4b2448b05e6da333fa7c-100x100.jpg 100w, https:\/\/phuongphuphat.com\/wp-content\/uploads\/2020\/06\/4b2448b05e6da333fa7c.jpg 640w\" sizes=\"(max-width: 300px) 100vw, 300px\" \/><\/p>\n","protected":false},"excerpt":{"rendered":"<p>Bao tay len Hi\u1ec3u m\u1ed9t c\u00e1ch \u0111\u01a1n gi\u1ea3n r\u1eb1ng bao tay len l\u00e0 m\u1ed9t lo\u1ea1i b\u1ea3o h\u1ed9 lao \u0111\u1ed9ng chuy\u00ean d\u1ee5ng cho nh\u00e2n c\u00f4ng tr\u00ean c\u00f4ng tr\u01b0\u1eddng, n\u00f4ng tr\u01b0\u1eddng, c\u00f4ng x\u01b0\u1edfng\u2026. ch\u1ea5t li\u1ec7u s\u1ea3n xu\u1ea5t bao tay len l\u00e0 len s\u1ee3i chi\u1ebfm 65 \u2013 100% cotton, v\u00ec v\u1eady s\u1ea3n h\u1ea9m c\u00f3 t\u00ean g\u1ecdi g\u1ea7n g\u0169i &#8230;<\/p>\n","protected":false},"featured_media":800,"comment_status":"open","ping_status":"closed","template":"","meta":[],"_links":{"self":[{"href":"https:\/\/phuongphuphat.com\/index.php?rest_route=\/wp\/v2\/product\/794"}],"collection":[{"href":"https:\/\/phuongphuphat.com\/index.php?rest_route=\/wp\/v2\/product"}],"about":[{"href":"https:\/\/phuongphuphat.com\/index.php?rest_route=\/wp\/v2\/types\/product"}],"replies":[{"embeddable":true,"href":"https:\/\/phuongphuphat.com\/index.php?rest_route=%2Fwp%2Fv2%2Fcomments&post=794"}],"wp:featuredmedia":[{"embeddable":true,"href":"https:\/\/phuongphuphat.com\/index.php?rest_route=\/wp\/v2\/media\/800"}],"wp:attachment":[{"href":"https:\/\/phuongphuphat.com\/index.php?rest_route=%2Fwp%2Fv2%2Fmedia&parent=794"}],"curies":[{"name":"wp","href":"https:\/\/api.w.org\/{rel}","templated":true}]}}