{"id":789,"date":"2020-06-27T15:47:10","date_gmt":"2020-06-27T15:47:10","guid":{"rendered":"http:\/\/phuongphuphat.com\/?post_type=product&#038;p=789"},"modified":"2020-09-18T14:53:42","modified_gmt":"2020-09-18T14:53:42","slug":"nep-goc-giay","status":"publish","type":"product","link":"https:\/\/phuongphuphat.com\/?product=nep-goc-giay","title":{"rendered":"N\u1eb9p g\u00f3c gi\u1ea5y"},"content":{"rendered":"<p>Thanh n\u1eb9p gi\u1ea5y \u0111\u01b0\u1ee3c l\u00e0m b\u1eb1ng nhi\u1ec1u l\u1edbp gi\u1ea5y v\u00e0 \u0111\u01b0\u1ee3c \u00e9p c\u1ee9ng. thanh n\u1eb9p gi\u1ea5y \u0111\u01b0\u1ee3c s\u1eed d\u1ee5ng r\u1ed9ng r\u00e3i \u0111\u1ec3 n\u1eb9p, b\u1ea3o v\u1ec7 c\u00e1c c\u1ea1nh c\u1ee7a s\u1ea3n ph\u1ea9m, ki\u1ec7n h\u00e0ng. Ho\u1eb7c gia c\u1ed1 \u0111\u1ed9 c\u1ee9ng c\u00e1c c\u1ea1nh g\u00f3c c\u1ee7a th\u00f9ng carton trong qu\u00e1 tr\u00ecnh v\u1eadn chuy\u1ec3n, l\u01b0u tr\u1eef h\u00e0ng h\u00f3a.<\/p>\n<p>thanh n\u1eb9p gi\u1ea5y v\u1edbi nhi\u1ec1u \u01b0u \u0111i\u1ec3m, nh\u01b0:<\/p>\n<p>Tr\u1ecdng l\u01b0\u1ee3ng nh\u1eb9, t\u00ednh \u0111\u00e0n h\u1ed3i cao, \u0111\u1ea3m b\u1ea3o an to\u00e0n cho h\u00e0ng h\u00f3a khi v\u1eadn chuy\u1ec3n<\/p>\n<p>Kh\u00f4ng b\u1ecb m\u1ed1i m\u1ecdt x\u00e2m h\u1ea1i, kh\u00f4ng d\u00f9ng ch\u1ea5t b\u1ea3o qu\u1ea3n, an to\u00e0n tuy\u1ec7t \u0111\u1ed1i cho s\u1ee9c kh\u1ecfe ng\u01b0\u1eddi s\u1eed d\u1ee5ng<\/p>\n<p>C\u00f3 th\u1ec3 t\u00e1i ch\u1ebf, 100% th\u00e2n thi\u1ec7n v\u1edbi m\u00f4i tr\u01b0\u1eddng<\/p>\n<p>Thanh n\u1eb9p g\u00f3c gi\u1ea5y ch\u1eef V c\u00f3 chi\u1ec1u d\u00e0i ,chi\u1ec1u r\u1ed9ng v\u00e0 \u0111\u1ed9 d\u00e0y c\u00f3 th\u1ec3 t\u0103ng, gi\u1ea3m theo y\u00eau c\u1ea7u<\/p>\n<p><img loading=\"lazy\" class=\"alignnone size-medium wp-image-790\" src=\"http:\/\/phuongphuphat.com\/wp-content\/uploads\/2020\/06\/d8ee89be0a63f73dae72-300x130.jpg\" alt=\"\" width=\"300\" height=\"130\" srcset=\"https:\/\/phuongphuphat.com\/wp-content\/uploads\/2020\/06\/d8ee89be0a63f73dae72-300x130.jpg 300w, https:\/\/phuongphuphat.com\/wp-content\/uploads\/2020\/06\/d8ee89be0a63f73dae72-510x220.jpg 510w, https:\/\/phuongphuphat.com\/wp-content\/uploads\/2020\/06\/d8ee89be0a63f73dae72.jpg 544w\" sizes=\"(max-width: 300px) 100vw, 300px\" \/>\u00a0 \u00a0 \u00a0 \u00a0 \u00a0<img loading=\"lazy\" class=\"alignnone size-medium wp-image-791\" src=\"http:\/\/phuongphuphat.com\/wp-content\/uploads\/2020\/06\/f351a06b23b6dee887a7-300x300.jpg\" alt=\"\" width=\"300\" height=\"300\" srcset=\"https:\/\/phuongphuphat.com\/wp-content\/uploads\/2020\/06\/f351a06b23b6dee887a7-300x300.jpg 300w, https:\/\/phuongphuphat.com\/wp-content\/uploads\/2020\/06\/f351a06b23b6dee887a7-150x150.jpg 150w, https:\/\/phuongphuphat.com\/wp-content\/uploads\/2020\/06\/f351a06b23b6dee887a7-510x510.jpg 510w, https:\/\/phuongphuphat.com\/wp-content\/uploads\/2020\/06\/f351a06b23b6dee887a7-100x100.jpg 100w, https:\/\/phuongphuphat.com\/wp-content\/uploads\/2020\/06\/f351a06b23b6dee887a7.jpg 600w\" sizes=\"(max-width: 300px) 100vw, 300px\" \/><\/p>\n","protected":false},"excerpt":{"rendered":"<p>Thanh n\u1eb9p gi\u1ea5y \u0111\u01b0\u1ee3c l\u00e0m b\u1eb1ng nhi\u1ec1u l\u1edbp gi\u1ea5y v\u00e0 \u0111\u01b0\u1ee3c \u00e9p c\u1ee9ng. thanh n\u1eb9p gi\u1ea5y \u0111\u01b0\u1ee3c s\u1eed d\u1ee5ng r\u1ed9ng r\u00e3i \u0111\u1ec3 n\u1eb9p, b\u1ea3o v\u1ec7 c\u00e1c c\u1ea1nh c\u1ee7a s\u1ea3n ph\u1ea9m, ki\u1ec7n h\u00e0ng. Ho\u1eb7c gia c\u1ed1 \u0111\u1ed9 c\u1ee9ng c\u00e1c c\u1ea1nh g\u00f3c c\u1ee7a th\u00f9ng carton trong qu\u00e1 tr\u00ecnh v\u1eadn chuy\u1ec3n, l\u01b0u tr\u1eef h\u00e0ng h\u00f3a. thanh n\u1eb9p gi\u1ea5y &#8230;<\/p>\n","protected":false},"featured_media":791,"comment_status":"open","ping_status":"closed","template":"","meta":[],"_links":{"self":[{"href":"https:\/\/phuongphuphat.com\/index.php?rest_route=\/wp\/v2\/product\/789"}],"collection":[{"href":"https:\/\/phuongphuphat.com\/index.php?rest_route=\/wp\/v2\/product"}],"about":[{"href":"https:\/\/phuongphuphat.com\/index.php?rest_route=\/wp\/v2\/types\/product"}],"replies":[{"embeddable":true,"href":"https:\/\/phuongphuphat.com\/index.php?rest_route=%2Fwp%2Fv2%2Fcomments&post=789"}],"wp:featuredmedia":[{"embeddable":true,"href":"https:\/\/phuongphuphat.com\/index.php?rest_route=\/wp\/v2\/media\/791"}],"wp:attachment":[{"href":"https:\/\/phuongphuphat.com\/index.php?rest_route=%2Fwp%2Fv2%2Fmedia&parent=789"}],"curies":[{"name":"wp","href":"https:\/\/api.w.org\/{rel}","templated":true}]}}