{"id":781,"date":"2020-06-27T15:45:29","date_gmt":"2020-06-27T15:45:29","guid":{"rendered":"http:\/\/phuongphuphat.com\/?post_type=product&#038;p=781"},"modified":"2023-04-11T15:52:43","modified_gmt":"2023-04-11T15:52:43","slug":"nep-goc-nhua","status":"publish","type":"product","link":"https:\/\/phuongphuphat.com\/?product=nep-goc-nhua","title":{"rendered":"N\u1eb9p g\u00f3c nh\u1ef1a"},"content":{"rendered":"<p>Ke g\u00f3c nh\u1ef1a d\u00f9ng \u0111\u1ec3 ch\u1ed1ng ch\u1ea7y c\u00e1c c\u1ea1nh v\u00e0 t\u0103ng \u0111\u1ed9 b\u00e1m cho d\u00e2y \u0111ai khi xi\u1ebft c\u00e1c ki\u1ec7n h\u00e0ng g\u1ed7, s\u1eaft&#8230;<\/p>\n<p>&#8211; Quy c\u00e1ch\u00a0 \u0111a d\u1ea1ng, theo y\u00eau c\u1ea7u kh\u00e1ch h\u00e0ng<\/p>\n<p>&#8211; M\u00e0u s\u1eafc: \u0111\u1ecf, \u0111en<\/p>\n<p><img loading=\"lazy\" class=\"alignnone size-medium wp-image-788\" src=\"http:\/\/phuongphuphat.com\/wp-content\/uploads\/2020\/06\/cc834958f98504db5d94-225x300.jpg\" alt=\"\" width=\"225\" height=\"300\" srcset=\"https:\/\/phuongphuphat.com\/wp-content\/uploads\/2020\/06\/cc834958f98504db5d94-225x300.jpg 225w, https:\/\/phuongphuphat.com\/wp-content\/uploads\/2020\/06\/cc834958f98504db5d94-768x1024.jpg 768w, https:\/\/phuongphuphat.com\/wp-content\/uploads\/2020\/06\/cc834958f98504db5d94-510x680.jpg 510w, https:\/\/phuongphuphat.com\/wp-content\/uploads\/2020\/06\/cc834958f98504db5d94.jpg 960w\" sizes=\"(max-width: 225px) 100vw, 225px\" \/>\u00a0 \u00a0 \u00a0 \u00a0<img loading=\"lazy\" class=\"alignnone size-medium wp-image-787\" src=\"http:\/\/phuongphuphat.com\/wp-content\/uploads\/2020\/06\/b3f02bf99a24677a3e35-225x300.jpg\" alt=\"\" width=\"225\" height=\"300\" srcset=\"https:\/\/phuongphuphat.com\/wp-content\/uploads\/2020\/06\/b3f02bf99a24677a3e35-225x300.jpg 225w, https:\/\/phuongphuphat.com\/wp-content\/uploads\/2020\/06\/b3f02bf99a24677a3e35-768x1024.jpg 768w, https:\/\/phuongphuphat.com\/wp-content\/uploads\/2020\/06\/b3f02bf99a24677a3e35-510x680.jpg 510w, https:\/\/phuongphuphat.com\/wp-content\/uploads\/2020\/06\/b3f02bf99a24677a3e35.jpg 960w\" sizes=\"(max-width: 225px) 100vw, 225px\" \/>\u00a0 \u00a0 \u00a0 <img loading=\"lazy\" class=\"alignnone size-medium wp-image-785\" src=\"http:\/\/phuongphuphat.com\/wp-content\/uploads\/2020\/06\/2e2ab9f7092af474ad3b-300x225.jpg\" alt=\"\" width=\"300\" height=\"225\" srcset=\"https:\/\/phuongphuphat.com\/wp-content\/uploads\/2020\/06\/2e2ab9f7092af474ad3b-300x225.jpg 300w, https:\/\/phuongphuphat.com\/wp-content\/uploads\/2020\/06\/2e2ab9f7092af474ad3b-1024x768.jpg 1024w, https:\/\/phuongphuphat.com\/wp-content\/uploads\/2020\/06\/2e2ab9f7092af474ad3b-768x576.jpg 768w, https:\/\/phuongphuphat.com\/wp-content\/uploads\/2020\/06\/2e2ab9f7092af474ad3b-510x383.jpg 510w, https:\/\/phuongphuphat.com\/wp-content\/uploads\/2020\/06\/2e2ab9f7092af474ad3b.jpg 1280w\" sizes=\"(max-width: 300px) 100vw, 300px\" \/><\/p>\n","protected":false},"excerpt":{"rendered":"<p>Ke g\u00f3c nh\u1ef1a d\u00f9ng \u0111\u1ec3 ch\u1ed1ng ch\u1ea7y c\u00e1c c\u1ea1nh v\u00e0 t\u0103ng \u0111\u1ed9 b\u00e1m cho d\u00e2y \u0111ai khi xi\u1ebft c\u00e1c ki\u1ec7n h\u00e0ng g\u1ed7, s\u1eaft&#8230; &#8211; Quy c\u00e1ch\u00a0 \u0111a d\u1ea1ng, theo y\u00eau c\u1ea7u kh\u00e1ch h\u00e0ng &#8211; M\u00e0u s\u1eafc: \u0111\u1ecf, \u0111en \u00a0 \u00a0 \u00a0 \u00a0\u00a0 \u00a0 \u00a0<\/p>\n","protected":false},"featured_media":785,"comment_status":"open","ping_status":"closed","template":"","meta":[],"_links":{"self":[{"href":"https:\/\/phuongphuphat.com\/index.php?rest_route=\/wp\/v2\/product\/781"}],"collection":[{"href":"https:\/\/phuongphuphat.com\/index.php?rest_route=\/wp\/v2\/product"}],"about":[{"href":"https:\/\/phuongphuphat.com\/index.php?rest_route=\/wp\/v2\/types\/product"}],"replies":[{"embeddable":true,"href":"https:\/\/phuongphuphat.com\/index.php?rest_route=%2Fwp%2Fv2%2Fcomments&post=781"}],"wp:featuredmedia":[{"embeddable":true,"href":"https:\/\/phuongphuphat.com\/index.php?rest_route=\/wp\/v2\/media\/785"}],"wp:attachment":[{"href":"https:\/\/phuongphuphat.com\/index.php?rest_route=%2Fwp%2Fv2%2Fmedia&parent=781"}],"curies":[{"name":"wp","href":"https:\/\/api.w.org\/{rel}","templated":true}]}}