{"id":776,"date":"2020-06-27T15:39:25","date_gmt":"2020-06-27T15:39:25","guid":{"rendered":"http:\/\/phuongphuphat.com\/?post_type=product&#038;p=776"},"modified":"2023-04-11T15:52:43","modified_gmt":"2023-04-11T15:52:43","slug":"tang-dua","status":"publish","type":"product","link":"https:\/\/phuongphuphat.com\/?product=tang-dua","title":{"rendered":"T\u0103ng \u0111\u01b0a"},"content":{"rendered":"<p><a href=\"http:\/\/phuongphuphat.com\/wp-content\/uploads\/2020\/06\/15.tif\"><img loading=\"lazy\" class=\"alignnone size-medium wp-image-777\" src=\"http:\/\/phuongphuphat.com\/wp-content\/uploads\/2020\/06\/15.tif\" alt=\"\" width=\"1\" height=\"1\" \/><\/a><img loading=\"lazy\" class=\"alignnone size-medium wp-image-777\" src=\"http:\/\/phuongphuphat.com\/wp-content\/uploads\/2020\/06\/15.tif\" alt=\"\" width=\"1\" height=\"1\" \/>\u00a0 \u00a0 \u00a0 \u00a0 \u00a0 \u00a0 \u00a0 \u00a0 \u00a0 \u00a0 \u00a0 \u00a0 \u00a0 \u00a0 \u00a0 \u00a0 \u00a0 \u00a0 \u00a0 \u00a0 \u00a0 \u00a0 \u00a0 \u00a0 \u00a0 \u00a0 \u00a0 \u00a0 \u00a0 \u00a0 \u00a0 \u00a0 \u00a0 \u00a0 \u00a0 \u00a0 \u00a0 \u00a0 \u00a0<img loading=\"lazy\" class=\"alignnone size-medium wp-image-779\" src=\"http:\/\/phuongphuphat.com\/wp-content\/uploads\/2020\/06\/14-1-300x202.png\" alt=\"\" width=\"300\" height=\"202\" srcset=\"https:\/\/phuongphuphat.com\/wp-content\/uploads\/2020\/06\/14-1-300x202.png 300w, https:\/\/phuongphuphat.com\/wp-content\/uploads\/2020\/06\/14-1-510x344.png 510w, https:\/\/phuongphuphat.com\/wp-content\/uploads\/2020\/06\/14-1.png 749w\" sizes=\"(max-width: 300px) 100vw, 300px\" \/><\/p>\n<p>C\u1ea5u t\u1ea1o c\u1ee7a t\u0103ng \u0111\u01a1 th\u00e9p<\/p>\n<p>T\u0103ng \u0111\u01a1 th\u00e9p c\u00f3 c\u1ea5u t\u1ea1o g\u1ed3m c\u00e1c b\u1ed9 ph\u1eadn:<\/p>\n<p>&#8211; Ph\u1ea7n th\u00e2n: D\u1ea1ng h\u00ecnh \u1ed1ng c\u00f3 \u0111\u1ee5c ren. C\u00f3 thi\u1ebft k\u1ebf v\u1edbi hai thanh song song v\u00e0 li\u00ean k\u1ebft v\u1edbi nhau t\u1ea1i 2 \u0111\u1ea7u.<\/p>\n<p>&#8211; Hai \u0111\u1ea7u c\u1ee7a t\u0103ng \u0111\u01a1 c\u00e1p g\u1ed3m m\u1ed9t m\u00f3c v\u00e0 m\u1ed9t d\u1ea1ng tr\u00f2n. Hai \u0111\u1ea7u m\u1eaft \u0111\u01b0\u1ee3c thi\u1ebft k\u1ebf c\u00f3 \u0111\u1ee5c ren. \u0110\u00e2y l\u00e0 b\u1ed9 ph\u1eadn ph\u1ee5 ki\u1ec7n chuy\u00ean \u0111i k\u00e8m \u0111\u1ec3 c\u00f3 th\u1ec3 d\u00f9ng c\u0103ng ch\u1ec9nh l\u1ef1c c\u0103ng c\u1ee7a s\u1ee3i c\u00e1p.<\/p>\n<p><img loading=\"lazy\" class=\"alignnone size-medium wp-image-778\" src=\"http:\/\/phuongphuphat.com\/wp-content\/uploads\/2020\/06\/b747f1bea462593c0073-300x167.jpg\" alt=\"\" width=\"300\" height=\"167\" srcset=\"https:\/\/phuongphuphat.com\/wp-content\/uploads\/2020\/06\/b747f1bea462593c0073-300x167.jpg 300w, https:\/\/phuongphuphat.com\/wp-content\/uploads\/2020\/06\/b747f1bea462593c0073-1024x571.jpg 1024w, https:\/\/phuongphuphat.com\/wp-content\/uploads\/2020\/06\/b747f1bea462593c0073-768x428.jpg 768w, https:\/\/phuongphuphat.com\/wp-content\/uploads\/2020\/06\/b747f1bea462593c0073-510x284.jpg 510w, https:\/\/phuongphuphat.com\/wp-content\/uploads\/2020\/06\/b747f1bea462593c0073.jpg 1200w\" sizes=\"(max-width: 300px) 100vw, 300px\" \/><\/p>\n<p>C\u00f3 r\u1ea5t nhi\u1ec1u lo\u1ea1i t\u0103ng \u0111\u01a1 th\u00e9p v\u1edbi thi\u1ebft k\u1ebf kh\u00e1c nhau v\u00e0 k\u00edch c\u1ee1 kh\u00e1c nhau.Hi\u1ec7n nay tr\u00ean th\u1ecb tr\u01b0\u1eddng, t\u0103ng \u0111\u01a1 th\u00e9p \u0111\u01b0\u1ee3c ph\u00e2n lo\u1ea1i bao g\u1ed3m:<\/p>\n<p>-T\u0103ng \u0111\u01a1 2 \u0111\u1ea7u tr\u00f2n<\/p>\n<p>&#8211; T\u0103ng \u0111\u01a1 th\u00e9p 1 \u0111\u1ea7u tr\u00f2n &#8211; 1 \u0111\u1ea7u m\u00f3c<\/p>\n<p>&#8211; T\u0103ng \u0111\u01a1 c\u00e1p 2 \u0111\u1ea7u ma n\u00ed (t\u0103ng \u0111\u01a1 ch\u1ecbu l\u1ef1c cao)<\/p>\n<p>&#8211; T\u0103ng \u0111\u01a1 2 \u0111\u1ea7u m\u00f3c<\/p>\n","protected":false},"excerpt":{"rendered":"<p>T\u0103ng \u0111\u01a1 \u0111\u01b0\u1ee3c m\u1ecdi ng\u01b0\u1eddi bi\u1ebft \u0111\u1ebfn nh\u01b0 l\u00e0 m\u1ed9t lo\u1ea1i thi\u1ebft b\u1ecb ph\u1ee5 tr\u1ee3, c\u00f3 th\u1ec3 nh\u1ecf nh\u01b0ng lu\u00f4n c\u1ea7n thi\u1ebft trong c\u00e1c c\u00f4ng tr\u00ecnh s\u1eed d\u1ee5ng d\u00e2y c\u00e1p th\u00e9p. C\u00f3 th\u1ec3 k\u1ec3 \u0111\u1ebfn m\u1ed9t s\u1ed1 c\u00f4ng tr\u00ecnh ti\u00eau bi\u1ec3u nh\u01b0: c\u00f4ng tr\u00ecnh x\u00e2y l\u1eafp \u0111i\u1ec7n l\u1ef1c, c\u00f4ng tr\u00ecnh x\u00e2y d\u1ef1ng c\u00e1c tr\u1ea1m nh\u00e0 m\u1ea1ng, c\u00f4ng tr\u00ecnh x\u00e2y d\u1ef1ng nh\u00e0 \u1edf d\u00e2n d\u1ee5ng, chung c\u01a1, nh\u00e0 cao t\u1ea7ng, l\u1eafp d\u1ef1ng nh\u00e0 th\u00e9p, kho x\u01b0\u1edfng\u2026<\/p>\n","protected":false},"featured_media":778,"comment_status":"open","ping_status":"closed","template":"","meta":[],"_links":{"self":[{"href":"https:\/\/phuongphuphat.com\/index.php?rest_route=\/wp\/v2\/product\/776"}],"collection":[{"href":"https:\/\/phuongphuphat.com\/index.php?rest_route=\/wp\/v2\/product"}],"about":[{"href":"https:\/\/phuongphuphat.com\/index.php?rest_route=\/wp\/v2\/types\/product"}],"replies":[{"embeddable":true,"href":"https:\/\/phuongphuphat.com\/index.php?rest_route=%2Fwp%2Fv2%2Fcomments&post=776"}],"wp:featuredmedia":[{"embeddable":true,"href":"https:\/\/phuongphuphat.com\/index.php?rest_route=\/wp\/v2\/media\/778"}],"wp:attachment":[{"href":"https:\/\/phuongphuphat.com\/index.php?rest_route=%2Fwp%2Fv2%2Fmedia&parent=776"}],"curies":[{"name":"wp","href":"https:\/\/api.w.org\/{rel}","templated":true}]}}