{"id":757,"date":"2020-06-27T15:32:04","date_gmt":"2020-06-27T15:32:04","guid":{"rendered":"http:\/\/phuongphuphat.com\/?post_type=product&#038;p=757"},"modified":"2023-04-11T15:52:44","modified_gmt":"2023-04-11T15:52:44","slug":"day-cap-thep","status":"publish","type":"product","link":"https:\/\/phuongphuphat.com\/?product=day-cap-thep","title":{"rendered":"D\u00e2y c\u00e1p th\u00e9p"},"content":{"rendered":"<p style=\"margin: 0cm; margin-bottom: .0001pt; font-size: 16px; font-family: 'Calibri',sans-serif;\"><strong>Th\u00f4ng tin chi ti\u1ebft<\/strong><strong>:<\/strong><\/p>\n<p style=\"margin: 0cm; margin-bottom: .0001pt; font-size: 16px; font-family: 'Calibri',sans-serif;\">&#8211; C\u00e1p th\u00e9p c\u1ee7a c\u00f4ng ty ch\u00fang t\u00f4i c\u00f3 ch\u1ee9ng nh\u1eadn CO, CQ t\u1eeb NSX<\/p>\n<p style=\"margin: 0cm; margin-bottom: .0001pt; font-size: 16px; font-family: 'Calibri',sans-serif;\">&#8211; S\u1ea3n ph\u1ea9m \u0111a d\u1ea1ng, nhi\u1ec1u ki\u1ec3u c\u1ea5u tr\u00fac, \u0111\u01b0\u1eddng k\u00ednh \u0111\u1ec3 kh\u00e1ch h\u00e0ng l\u1ef1a ch\u1ecdn<\/p>\n<p style=\"margin: 0cm; margin-bottom: .0001pt; font-size: 16px; font-family: 'Calibri',sans-serif;\">* Th\u00f4ng tin s\u1ea3n ph\u1ea9m<\/p>\n<p style=\"margin: 0cm; margin-bottom: .0001pt; font-size: 16px; font-family: 'Calibri',sans-serif;\">&#8211; Th\u00f4ng tin chung:<\/p>\n<p style=\"margin: 0cm; margin-bottom: .0001pt; font-size: 16px; font-family: 'Calibri',sans-serif;\"><img loading=\"lazy\" class=\"alignnone wp-image-759\" src=\"http:\/\/phuongphuphat.com\/wp-content\/uploads\/2020\/06\/13-300x65.png\" alt=\"\" width=\"522\" height=\"113\" srcset=\"https:\/\/phuongphuphat.com\/wp-content\/uploads\/2020\/06\/13-300x65.png 300w, https:\/\/phuongphuphat.com\/wp-content\/uploads\/2020\/06\/13-1024x221.png 1024w, https:\/\/phuongphuphat.com\/wp-content\/uploads\/2020\/06\/13-768x166.png 768w, https:\/\/phuongphuphat.com\/wp-content\/uploads\/2020\/06\/13-1536x332.png 1536w, https:\/\/phuongphuphat.com\/wp-content\/uploads\/2020\/06\/13-2048x442.png 2048w, https:\/\/phuongphuphat.com\/wp-content\/uploads\/2020\/06\/13-510x110.png 510w\" sizes=\"(max-width: 522px) 100vw, 522px\" \/><\/p>\n<p style=\"margin: 0cm; margin-bottom: .0001pt; font-size: 16px; font-family: 'Calibri',sans-serif;\">+ C\u00e1c \u0111\u1eb7c t\u00ednh c\u1ee7a c\u00e1p th\u00e9p \u0111\u01b0\u1ee3c xu\u1ea5t ph\u00e1t t\u1eeb: k\u00edch c\u1ee1 (\u0111\u01b0\u1eddng k\u00ednh) c\u00e1p, c\u1ea5u tr\u00fac c\u00e1p, lo\u1ea1i l\u00f5i, chi\u1ec1u xo\u1eafn<\/p>\n<p style=\"margin: 0cm; margin-bottom: .0001pt; font-size: 16px; font-family: 'Calibri',sans-serif;\">+ Lo\u1ea1i l\u00f5i, c\u00f3 3 lo\u1ea1i ch\u00ednh:<\/p>\n<p style=\"margin: 0cm; margin-bottom: .0001pt; font-size: 16px; font-family: 'Calibri',sans-serif;\"><img loading=\"lazy\" class=\"alignnone wp-image-761\" src=\"http:\/\/phuongphuphat.com\/wp-content\/uploads\/2020\/06\/12-300x94.png\" alt=\"\" width=\"507\" height=\"159\" srcset=\"https:\/\/phuongphuphat.com\/wp-content\/uploads\/2020\/06\/12-300x94.png 300w, https:\/\/phuongphuphat.com\/wp-content\/uploads\/2020\/06\/12-768x240.png 768w, https:\/\/phuongphuphat.com\/wp-content\/uploads\/2020\/06\/12-510x159.png 510w, https:\/\/phuongphuphat.com\/wp-content\/uploads\/2020\/06\/12.png 787w\" sizes=\"(max-width: 507px) 100vw, 507px\" \/><\/p>\n<p style=\"margin: 0cm; margin-bottom: .0001pt; font-size: 16px; font-family: 'Calibri',sans-serif;\">C\u1ea5u tr\u00fac c\u00e1p:<\/p>\n<p style=\"margin: 0cm; margin-bottom: .0001pt; font-size: 16px; font-family: 'Calibri',sans-serif;\">+ \u00a0C\u00f3 r\u1ea5t nhi\u1ec1u ki\u1ec3u c\u1ea5u tr\u00fac c\u00e1p: 6 x 7 FC, 6 x 7 IWS, 6 x 19 WS, 6 x 36 FC, 6 x 36 IWS, 6 X 37S, 6 X 41 SW, 6 X 25 Fi..v..v.<\/p>\n<p style=\"margin: 0cm; margin-bottom: .0001pt; font-size: 16px; font-family: 'Calibri',sans-serif;\"><img loading=\"lazy\" class=\"alignnone size-medium wp-image-762\" src=\"http:\/\/phuongphuphat.com\/wp-content\/uploads\/2020\/06\/CAP-THEP-6X37-300x300.png\" alt=\"\" width=\"300\" height=\"300\" srcset=\"https:\/\/phuongphuphat.com\/wp-content\/uploads\/2020\/06\/CAP-THEP-6X37-300x300.png 300w, https:\/\/phuongphuphat.com\/wp-content\/uploads\/2020\/06\/CAP-THEP-6X37-150x150.png 150w, https:\/\/phuongphuphat.com\/wp-content\/uploads\/2020\/06\/CAP-THEP-6X37-100x100.png 100w, https:\/\/phuongphuphat.com\/wp-content\/uploads\/2020\/06\/CAP-THEP-6X37.png 510w\" sizes=\"(max-width: 300px) 100vw, 300px\" \/><\/p>\n<p style=\"margin: 0cm; margin-bottom: .0001pt; font-size: 16px; font-family: 'Calibri',sans-serif;\">D\u00e2y c\u00e1p th\u00e9p 6\u00d737 bao g\u1ed3m 6 tao c\u00e1p ch\u00ednh + l\u00f5i (s\u1ee3i \u0111ay ho\u1eb7c s\u1ee3i th\u00e9p), m\u1ed7i tao c\u00e1p do 37 s\u1ee3i nh\u1ecf b\u1ec7n ch\u1eb7t v\u00e0o nhau<\/p>\n<p style=\"margin: 0cm; margin-bottom: .0001pt; font-size: 16px; font-family: 'Calibri',sans-serif;\"><img loading=\"lazy\" class=\"alignnone size-medium wp-image-763\" src=\"http:\/\/phuongphuphat.com\/wp-content\/uploads\/2020\/06\/CAP-LOI-BO-6-X36-300x270.jpg\" alt=\"\" width=\"300\" height=\"270\" srcset=\"https:\/\/phuongphuphat.com\/wp-content\/uploads\/2020\/06\/CAP-LOI-BO-6-X36-300x270.jpg 300w, https:\/\/phuongphuphat.com\/wp-content\/uploads\/2020\/06\/CAP-LOI-BO-6-X36.jpg 500w\" sizes=\"(max-width: 300px) 100vw, 300px\" \/><\/p>\n<p style=\"margin: 0cm; margin-bottom: .0001pt; font-size: 16px; font-family: 'Calibri',sans-serif;\">\u00a0 \u00a0 \u00a0 \u00a0 \u00a0 \u00a0 \u00a0 \u00a0 \u00a0C\u00e1p l\u00f5i \u0111ay<\/p>\n<p style=\"margin: 0cm; margin-bottom: .0001pt; font-size: 16px; font-family: 'Calibri',sans-serif;\">C\u00e1p m\u1ec1m hay l\u00e0 c\u00e1p 6\u00d736 ho\u1eb7c 6\u00d737 lo\u1ea1i l\u00f5i \u0111ay (l\u00f5i b\u1ed1) c\u00f3 t\u00ednh \u0111\u00e0n h\u1ed3i cao, kh\u1ea3 n\u0103ng h\u1ea5p th\u1ee5 n\u0103ng l\u01b0\u1ee3ng cao h\u01a1n nh\u01b0ng t\u00ednh ch\u1ecbu l\u1ef1c \u00e9p k\u00e9m h\u01a1n lo\u1ea1i l\u00f5i th\u00e9p.<\/p>\n<p style=\"margin: 0cm; margin-bottom: .0001pt; font-size: 16px; font-family: 'Calibri',sans-serif;\">C\u00f3 r\u1ea5t nhi\u1ec1u lo\u1ea1i c\u00e1p kh\u00e1c nhau, cho m\u1ee5c \u0111\u00edch s\u1eed d\u1ee5ng kh\u00e1c nhau.<\/p>\n<p style=\"margin: 0cm; margin-bottom: .0001pt; font-size: 16px; font-family: 'Calibri',sans-serif;\">vui l\u00f2ng li\u00ean h\u1ec7 v\u1edbi ch\u00fang t\u00f4i \u0111\u1ec3 \u0111\u01b0\u1ee3c t\u01b0 v\u1ea5n chi ti\u1ebft.<\/p>\n","protected":false},"excerpt":{"rendered":"<p>C\u00e1p th\u00e9p chuy\u00ean d\u1ee5ng<\/p>\n<p>C\u00e1p d\u00f9ng cho t\u00e0u bi\u1ec3n , c\u1ea3ng bi\u1ec3n<\/p>\n<p>* D\u00f9ng cho c\u1ea7n c\u1ea9u , m\u00e1y x\u00fac<\/p>\n<p>* C\u00e1p d\u00f9ng cho ngh\u00e0nh d\u1ea7u kh\u00ed<\/p>\n<p>* C\u00e1p d\u00f9ng trong khai th\u00e1c m\u1ecf<\/p>\n","protected":false},"featured_media":766,"comment_status":"open","ping_status":"closed","template":"","meta":[],"_links":{"self":[{"href":"https:\/\/phuongphuphat.com\/index.php?rest_route=\/wp\/v2\/product\/757"}],"collection":[{"href":"https:\/\/phuongphuphat.com\/index.php?rest_route=\/wp\/v2\/product"}],"about":[{"href":"https:\/\/phuongphuphat.com\/index.php?rest_route=\/wp\/v2\/types\/product"}],"replies":[{"embeddable":true,"href":"https:\/\/phuongphuphat.com\/index.php?rest_route=%2Fwp%2Fv2%2Fcomments&post=757"}],"wp:featuredmedia":[{"embeddable":true,"href":"https:\/\/phuongphuphat.com\/index.php?rest_route=\/wp\/v2\/media\/766"}],"wp:attachment":[{"href":"https:\/\/phuongphuphat.com\/index.php?rest_route=%2Fwp%2Fv2%2Fmedia&parent=757"}],"curies":[{"name":"wp","href":"https:\/\/api.w.org\/{rel}","templated":true}]}}