{"id":745,"date":"2020-06-27T15:17:28","date_gmt":"2020-06-27T15:17:28","guid":{"rendered":"http:\/\/phuongphuphat.com\/?post_type=product&#038;p=745"},"modified":"2023-04-11T15:52:43","modified_gmt":"2023-04-11T15:52:43","slug":"day-dai-nhua-pet","status":"publish","type":"product","link":"https:\/\/phuongphuphat.com\/?product=day-dai-nhua-pet","title":{"rendered":"D\u00e2y \u0111ai nh\u1ef1a PET"},"content":{"rendered":"<p>\u0110\u1eb7c t\u00ednh c\u1ee7a d\u00e2y \u0111ai nh\u1ef1a PET:<\/p>\n<p>D\u00e2y \u0111ai nh\u1ef1a PET l\u00e0 lo\u1ea1i d\u00e2y r\u1ea5t d\u1ec5 d\u00f9ng trong vi\u1ec7c \u0111\u00f3ng g\u00f3i c\u0169ng nh\u01b0 an to\u00e0n cho ng\u01b0\u1eddi tr\u1ef1c ti\u1ebfp d\u00f9ng.<\/p>\n<p>D\u00e2y \u0111ai nh\u1ef1a PET c\u00f3 nh\u1eefng \u01b0u \u0111i\u1ec3m nh\u01b0:<\/p>\n<p>D\u00e2y \u0111ai nh\u1ef1a PET c\u00f3 \u0111\u1ed9 ch\u1ecbu l\u1ef1c c\u0103ng, nhi\u1ec7t \u0111\u1ed9 cao.<\/p>\n<p>\u0110\u1ed9 \u0111\u00e0n h\u1ed3i c\u1ee7a \u0111\u00e2y \u0111ai nh\u1ef1a PET r\u1ea5t t\u1ed1t.<\/p>\n<p>D\u00e2y \u0111ai nh\u1ef1a PET c\u00f3 th\u1ec3 si\u1ebft r\u1ea5t ch\u1eb7t m\u00e0 kh\u00f4ng b\u1ecb \u1ea3nh h\u01b0\u1edfng t\u1edbi s\u1ea3n ph\u1ea9m.<\/p>\n<p>D\u00e2y \u0111ai nh\u1ef1a PET c\u00f3 th\u1ec3 ch\u1ecbu t\u00e1c \u0111\u1ed9ng c\u1ee7a m\u00f4i tr\u01b0\u1eddng r\u1ea5t t\u1ed1t .<\/p>\n<p>D\u00e2y \u0111ai nh\u1ef1a PET th\u00edch h\u1ee3p v\u1edbi c\u00e1c lo\u1ea1i m\u00e1y \u0111\u00f3ng t\u1ef1 \u0111\u1ed9ng c\u0169ng nh\u01b0 v\u1edbi c\u00e1c lo\u1ea1i m\u00e1y \u0111\u00f3ng b\u00e1n t\u1ef1 \u0111\u1ed9ng.<\/p>\n<p>D\u00e2y \u0111ai nh\u1ef1a PET c\u00f3 c\u00e1c size t\u1eeb : 9.2mm \u2013 12mm- 15mm -16mm 19mm -25mm v\u1edbi chi\u1ec1u d\u00e0y t\u1eeb: 0.5mm -&gt; 1.0mm<\/p>\n<p><img loading=\"lazy\" class=\"alignnone size-medium wp-image-749\" src=\"http:\/\/phuongphuphat.com\/wp-content\/uploads\/2020\/06\/d\u00e2y-\u0111ai-pet-3-300x265.jpg\" alt=\"\" width=\"300\" height=\"265\" srcset=\"https:\/\/phuongphuphat.com\/wp-content\/uploads\/2020\/06\/d\u00e2y-\u0111ai-pet-3-300x265.jpg 300w, https:\/\/phuongphuphat.com\/wp-content\/uploads\/2020\/06\/d\u00e2y-\u0111ai-pet-3-510x450.jpg 510w, https:\/\/phuongphuphat.com\/wp-content\/uploads\/2020\/06\/d\u00e2y-\u0111ai-pet-3.jpg 512w\" sizes=\"(max-width: 300px) 100vw, 300px\" \/><\/p>\n","protected":false},"excerpt":{"rendered":"<p>D\u00e2y \u0111ai nh\u1ef1a PET l\u00e0 m\u1ed9t lo\u1ea1i v\u1eadt li\u1ec7u \u0111\u01b0\u1ee3c l\u00e0m t\u1eeb nh\u1ef1a PET. Trong c\u00f4ng nghi\u1ec7p d\u00e2y \u0111ai nh\u1ef1a PET \u0111\u01b0\u1ee3c d\u00f9ng trong kh\u00e2u \u0111\u00f3ng g\u00f3i theo c\u00f4ng ngh\u1ec7 ti\u00ean ti\u1ebfn hi\u1ec7n \u0111\u1ea1i. Trong s\u1ed1 \u0111\u00f3, d\u00e2y \u0111ai nh\u1ef1a PE, nh\u1ef1a PP \u0111\u01b0\u1ee3c \u1ee9ng d\u1ee5ng nhi\u1ec1u nh\u1ea5t \u0111\u1ec3 \u0111\u00f3ng g\u00f3i h\u00e0ng h\u00f3a c\u00f9ng v\u1edbi Pallet gi\u1ea5y v\u00e0 th\u00f9ng carton.<\/p>\n<p>D\u00e2y \u0111ai nh\u1ef1a PET\u00a0 c\u00f3 th\u1ec3 ph\u1ee5c v\u1ee5 r\u1ed9ng r\u00e3i trong t\u1ea5t c\u1ea3 c\u00e1c ng\u00e0nh c\u00f4ng nghi\u1ec7p\u00a0 t\u1eeb x\u00e2y d\u1ef1ng, g\u1ed1m s\u1ee9, ch\u1ebf bi\u1ebfn th\u1ef1c ph\u1ea9m \u0111\u1ebfn c\u00f4ng nghi\u1ec7p may m\u1eb7c,\u2026<\/p>\n","protected":false},"featured_media":750,"comment_status":"open","ping_status":"closed","template":"","meta":[],"_links":{"self":[{"href":"https:\/\/phuongphuphat.com\/index.php?rest_route=\/wp\/v2\/product\/745"}],"collection":[{"href":"https:\/\/phuongphuphat.com\/index.php?rest_route=\/wp\/v2\/product"}],"about":[{"href":"https:\/\/phuongphuphat.com\/index.php?rest_route=\/wp\/v2\/types\/product"}],"replies":[{"embeddable":true,"href":"https:\/\/phuongphuphat.com\/index.php?rest_route=%2Fwp%2Fv2%2Fcomments&post=745"}],"wp:featuredmedia":[{"embeddable":true,"href":"https:\/\/phuongphuphat.com\/index.php?rest_route=\/wp\/v2\/media\/750"}],"wp:attachment":[{"href":"https:\/\/phuongphuphat.com\/index.php?rest_route=%2Fwp%2Fv2%2Fmedia&parent=745"}],"curies":[{"name":"wp","href":"https:\/\/api.w.org\/{rel}","templated":true}]}}