{"id":740,"date":"2020-06-27T15:15:35","date_gmt":"2020-06-27T15:15:35","guid":{"rendered":"http:\/\/phuongphuphat.com\/?post_type=product&#038;p=740"},"modified":"2020-06-27T16:21:04","modified_gmt":"2020-06-27T16:21:04","slug":"day-dai-nhua-pp","status":"publish","type":"product","link":"https:\/\/phuongphuphat.com\/?product=day-dai-nhua-pp","title":{"rendered":"D\u00e2y \u0111ai nh\u1ef1a PP"},"content":{"rendered":"<p>D\u00e2y \u0111ai nh\u1ef1a PP l\u00e0 lo\u1ea1i d\u00e2y \u0111ai \u0111\u01b0\u1ee3c s\u1eed d\u1ee5ng ph\u1ed5 bi\u1ebfn v\u00e0 r\u1ed9ng r\u00e3i hi\u1ec7n nay trong nh\u1eefng l\u0129nh v\u1ef1c \u0111\u00f3ng g\u00f3i, \u0111ai n\u1eb9p m\u1ed9t v\u00e0i nh\u1eefng ki\u1ec7n m\u1eb7t h\u00e0ng, v\u1eadt li\u1ec7u, b\u00e1n th\u00e0nh ph\u1ea9m c\u0169ng nh\u01b0 m\u1ed9t s th\u00e0nh ph\u1ea9m thu\u1ed9c l\u0129nh v\u1ef1c c\u00f4ng nghi\u1ec7p s\u1ea3n x\u1ee5\u1ea5t G\u1ea1ch Ng\u00f3i, G\u1ed1m S\u1ee9, G\u1ed7, S\u1eaft Th\u00e9p, Nh\u00f4m, may m\u1eb7c, kim m\u1eabu \u0111i\u1ec7n m\u00e1y v\u00e0 trong m\u1ed9t v\u00e0i l\u0129nh v\u1ef1c\u00a0 giao nh\u1eadn h\u00e0ng, x\u00e2y d\u1ef1ng .v.v.<\/p>\n<p>D\u00e2y \u0111ai PP c\u00f3 m\u1ed9t s\u1ed1 \u01b0u \u0111i\u1ec3m sau:<\/p>\n<p>&#8211; B\u1ecdc c\u00e1c v\u1eadt v\u1edbi nhau \u0111\u1ec3 x\u1eed l\u00fd d\u1ec5 d\u00e0ng h\u01a1n,<\/p>\n<p>&#8211; G\u1eafn k\u1ebft c\u00e1c v\u1eadt v\u00e0o pallet v\u00e0 th\u00f9ng g\u1ed7,<\/p>\n<p>&#8211; Gia c\u1ed1 th\u00f9ng c\u00e1c t\u00f4ng v\u00e0 h\u1ed9p ho\u1eb7c bu\u1ed9c c\u00e1c h\u00e0ng h\u00f3al v\u1edbi nhau.<\/p>\n<p>&#8211; Gi\u1ea3i ph\u00e1p \u0111\u00f3ng g\u00f3i kinh t\u1ebf cho doanh nghi\u1ec7p<\/p>\n<p>&#8211; C\u00f3 th\u1ec3 thao t\u00e1c \u0111\u00f3ng b\u1eb1ng tay ho\u1eb7c b\u1eb1ng m\u00e1y.<\/p>\n<p><img loading=\"lazy\" class=\"alignnone size-medium wp-image-742\" src=\"http:\/\/phuongphuphat.com\/wp-content\/uploads\/2020\/06\/DAY-DAI-NHUA-PP-8-300x167.jpg\" alt=\"\" width=\"300\" height=\"167\" srcset=\"https:\/\/phuongphuphat.com\/wp-content\/uploads\/2020\/06\/DAY-DAI-NHUA-PP-8-300x167.jpg 300w, https:\/\/phuongphuphat.com\/wp-content\/uploads\/2020\/06\/DAY-DAI-NHUA-PP-8.jpg 450w\" sizes=\"(max-width: 300px) 100vw, 300px\" \/><\/p>\n","protected":false},"excerpt":{"rendered":"<p>CHI TI\u1ebeT S\u1ea2N PH\u1ea8M D\u00c2Y \u0110AI NH\u1ef0A PP<\/p>\n<p>D\u00e2y \u0111ai nh\u1ef1a PP l\u00e0 g\u00ec?<\/p>\n<p>D\u00e2y \u0111ai nh\u1ef1a PP hay c\u00f2n g\u1ecdi l\u00e0 d\u00e2y \u0111ai PP (polypropylene) l\u00e0 m\u1ed9t lo\u1ea1i d\u00e2y \u0111ai nh\u1ef1a s\u1ea3n xu\u1ea5t t\u1eeb vi\u1ec7c th\u1ed5i v\u00e0 \u0111\u00f9n nh\u1ef1a polypropylene, s\u1eed d\u1ee5ng \u0111\u1ec3 ch\u1eebng bu\u1ed9c h\u00e0ng h\u00f3a.<\/p>\n","protected":false},"featured_media":741,"comment_status":"open","ping_status":"closed","template":"","meta":[],"_links":{"self":[{"href":"https:\/\/phuongphuphat.com\/index.php?rest_route=\/wp\/v2\/product\/740"}],"collection":[{"href":"https:\/\/phuongphuphat.com\/index.php?rest_route=\/wp\/v2\/product"}],"about":[{"href":"https:\/\/phuongphuphat.com\/index.php?rest_route=\/wp\/v2\/types\/product"}],"replies":[{"embeddable":true,"href":"https:\/\/phuongphuphat.com\/index.php?rest_route=%2Fwp%2Fv2%2Fcomments&post=740"}],"wp:featuredmedia":[{"embeddable":true,"href":"https:\/\/phuongphuphat.com\/index.php?rest_route=\/wp\/v2\/media\/741"}],"wp:attachment":[{"href":"https:\/\/phuongphuphat.com\/index.php?rest_route=%2Fwp%2Fv2%2Fmedia&parent=740"}],"curies":[{"name":"wp","href":"https:\/\/api.w.org\/{rel}","templated":true}]}}