{"id":729,"date":"2020-06-27T15:10:43","date_gmt":"2020-06-27T15:10:43","guid":{"rendered":"http:\/\/phuongphuphat.com\/?post_type=product&#038;p=729"},"modified":"2023-04-11T15:52:43","modified_gmt":"2023-04-11T15:52:43","slug":"day-dai-thep","status":"publish","type":"product","link":"https:\/\/phuongphuphat.com\/?product=day-dai-thep","title":{"rendered":"D\u00e2y \u0111ai th\u00e9p"},"content":{"rendered":"<p>C\u00c1C LO\u1ea0I D\u00c2Y \u0110AI TH\u00c9P<\/p>\n<ul>\n<li>D\u00c2Y \u0110AI X\u1eec L\u00dd QUA D\u1ea6U ( D\u00c2Y \u0110AI TH\u00c9P TH\u01af\u1edcNG):<\/li>\n<\/ul>\n<p>L\u00e0 lo\u1ea1i d\u00e2y \u0111ai x\u1eed l\u00fd qua qu\u00e1 tr\u00ecnh h\u1ea5p d\u1ea7u v\u00e0 cho ra th\u00e0nh ph\u1ea9m, s\u1eed d\u1ee5ng cho c\u00e1c ki\u1ec7n h\u00e0ng b\u00ecnh th\u01b0\u1eddng kh\u00f4ng y\u00eau c\u1ea7u g\u0129 s\u00e9t<\/p>\n<p><img loading=\"lazy\" class=\"alignnone size-medium wp-image-730\" src=\"http:\/\/phuongphuphat.com\/wp-content\/uploads\/2020\/06\/d\u00e2y-\u0111ai-th\u00e9p-1-1-300x300.png\" alt=\"\" width=\"300\" height=\"300\" srcset=\"https:\/\/phuongphuphat.com\/wp-content\/uploads\/2020\/06\/d\u00e2y-\u0111ai-th\u00e9p-1-1-300x300.png 300w, https:\/\/phuongphuphat.com\/wp-content\/uploads\/2020\/06\/d\u00e2y-\u0111ai-th\u00e9p-1-1-150x150.png 150w, https:\/\/phuongphuphat.com\/wp-content\/uploads\/2020\/06\/d\u00e2y-\u0111ai-th\u00e9p-1-1-510x510.png 510w, https:\/\/phuongphuphat.com\/wp-content\/uploads\/2020\/06\/d\u00e2y-\u0111ai-th\u00e9p-1-1-100x100.png 100w, https:\/\/phuongphuphat.com\/wp-content\/uploads\/2020\/06\/d\u00e2y-\u0111ai-th\u00e9p-1-1.png 700w\" sizes=\"(max-width: 300px) 100vw, 300px\" \/><\/p>\n<ul>\n<li>D\u00c2Y \u0110AI X\u1eec L\u00dd QUA S\u01a0N T\u1ec8NH \u0110I\u1ec6N<br \/>\nL\u00e0 lo\u1ea1i d\u00e2y \u0111ai qua h\u1ec7 th\u1ed3ng x\u1eed l\u00fd s\u01a1n t\u1ec9nh \u0111i\u1ec7n, cho ra th\u00e0nh ph\u1ea9m d\u00e2y \u0111ai ch\u1ed1ng g\u0129 s\u00e9t ph\u1ee5c v\u1ee5 cho nhu c\u1ea7u \u0111\u00f3ng g\u00f3i xu\u1ea5t kh\u1ea9u&#8230;<\/li>\n<\/ul>\n<p><img loading=\"lazy\" class=\"size-medium wp-image-871 alignnone\" src=\"http:\/\/phuongphuphat.com\/wp-content\/uploads\/2020\/06\/ebe9fa37cac737996ed6-300x225.jpg\" alt=\"\" width=\"300\" height=\"225\" srcset=\"https:\/\/phuongphuphat.com\/wp-content\/uploads\/2020\/06\/ebe9fa37cac737996ed6-300x225.jpg 300w, https:\/\/phuongphuphat.com\/wp-content\/uploads\/2020\/06\/ebe9fa37cac737996ed6-1024x768.jpg 1024w, https:\/\/phuongphuphat.com\/wp-content\/uploads\/2020\/06\/ebe9fa37cac737996ed6-768x576.jpg 768w, https:\/\/phuongphuphat.com\/wp-content\/uploads\/2020\/06\/ebe9fa37cac737996ed6-510x383.jpg 510w, https:\/\/phuongphuphat.com\/wp-content\/uploads\/2020\/06\/ebe9fa37cac737996ed6.jpg 1280w\" sizes=\"(max-width: 300px) 100vw, 300px\" \/><\/p>\n<ul>\n<li>D\u00c2Y \u0110AI TH\u00c9P M\u1ea0 K\u1ebcM (D\u00c2Y \u0110AI ZINC)<\/li>\n<\/ul>\n<p>D\u00e2y \u0111ai th\u00e9p m\u1ea1 k\u1ebdm l\u00e0 s\u01a1n m\u1ea1 k\u1ebdm \u0111\u01b0\u1ee3c b\u1ecdc s\u00e1p t\u1ea1o ra s\u1ef1 ch\u1ed1ng r\u1ec9 s\u00e9t cao h\u01a1n nguy\u00ean li\u1ec7u s\u01a1n th\u00f4ng th\u01b0\u1eddng v\u00e0 gia t\u0103ng th\u00eam \u0111\u1ed9\u00a0 \u00a0 \u00a0 \u00a0 \u00a0 \u00a0 \u00a0c\u0103ng c\u1ee9ng c\u1ee7a d\u00e2y \u0111ai.<\/p>\n<p>D\u00e2y \u0111ai s\u01a1n m\u1ea1 k\u1ebdm l\u00e0 s\u1ea3n ph\u1ea9m c\u00f3 b\u1ec1 m\u1eb7t ch\u1ed1ng r\u1ec9 s\u00e9t t\u1ed1t th\u01b0\u1eddng \u0111\u01b0\u1ee3c s\u1eed d\u1ee5ng \u0111\u1ec3 \u0111\u00f3ng s\u1ea3n ph\u1ea9m l\u01b0u kho b\u00e3i l\u00e2u ng\u00e0y.\\<\/p>\n<p><img loading=\"lazy\" class=\"alignnone size-full wp-image-868\" src=\"http:\/\/phuongphuphat.com\/wp-content\/uploads\/2020\/06\/DAY-DAI-THEP-ZINC-1.jpg\" alt=\"\" width=\"221\" height=\"290\" \/><\/p>\n<ul>\n<li>D\u00c2Y \u0110AI X\u00c3 B\u0102NG<\/li>\n<\/ul>\n<p>\u00e2y \u0111ai th\u00e9p m\u1ea1 k\u1ebdm l\u00e0 s\u01a1n m\u1ea1 k\u1ebdm \u0111\u01b0\u1ee3c m\u1ea1 th\u00eam m\u1ed9t l\u1edbp k\u1ebdm b\u00ean ngo\u00e0i\u00a0 t\u1ea1o ra s\u1ef1 ch\u1ed1ng g\u1ec9 s\u00e9t cao h\u01a1n so v\u1edbi nguy\u00ean li\u1ec7u s\u01a1n th\u00f4ng th\u01b0\u1eddng v\u00e0 gi\u00fap gia t\u0103ng th\u00eam \u0111\u1ed9 t\u0103ng c\u1ee9ng c\u1ee7a d\u00e2y \u0111ai<\/p>\n<p>Quy c\u00e1ch th\u00f4ng d\u1ee5ng c\u00e1c lo\u1ea1i d\u00e2y \u0111ai : 16mm x 0.5mm, 19mm x 0.6mm, 32mm x 0.8mm<\/p>\n<p><img loading=\"lazy\" class=\"alignnone size-medium wp-image-752\" src=\"http:\/\/phuongphuphat.com\/wp-content\/uploads\/2020\/06\/d\u00e2y-\u0111a-th\u00e9p-m\u1ea1-k\u1ebdm-x\u00e3-b\u0103ng-1-225x300.jpg\" alt=\"\" width=\"225\" height=\"300\" srcset=\"https:\/\/phuongphuphat.com\/wp-content\/uploads\/2020\/06\/d\u00e2y-\u0111a-th\u00e9p-m\u1ea1-k\u1ebdm-x\u00e3-b\u0103ng-1-225x300.jpg 225w, https:\/\/phuongphuphat.com\/wp-content\/uploads\/2020\/06\/d\u00e2y-\u0111a-th\u00e9p-m\u1ea1-k\u1ebdm-x\u00e3-b\u0103ng-1-510x680.jpg 510w, https:\/\/phuongphuphat.com\/wp-content\/uploads\/2020\/06\/d\u00e2y-\u0111a-th\u00e9p-m\u1ea1-k\u1ebdm-x\u00e3-b\u0103ng-1.jpg 768w\" sizes=\"(max-width: 225px) 100vw, 225px\" \/><\/p>\n","protected":false},"excerpt":{"rendered":"<p>D\u00e2y \u0111ai th\u00e9p l\u00e0 lo\u1ea1i d\u00e2y \u0111ai \u0111\u01b0\u1ee3c s\u1eed d\u1ee5ng h\u1ea7u h\u1ebft trong \u0111\u00f3ng g\u00f3i c\u00f3 tr\u1ecdng t\u1ea3i l\u1edbn, s\u1ea3n xu\u1ea5t v\u1edbi c\u00f4ng ngh\u1ec7 ti\u00eau chu\u1ea9n, c\u00f4ng ngh\u1ec7 k\u1ef9 thu\u1eadt cao \u0111\u01b0\u1ee3c thi\u1ebft k\u1ebf v\u1edbi cu\u1ed1n l\u1ea1nh tr\u00e1nh co gi\u00e3n s\u1ea3n ph\u1ea9m, \u0111\u01b0\u1ee3c x\u1eed l\u00fd qua qu\u00e1 tr\u00ecnh h\u1ea5p d\u1ea7u v\u00e0 s\u01a1n t\u0129nh \u0111i\u1ec7n lo\u1ea1i cao c\u1ea5p 2 l\u1edbp b\u1ec1n, v\u1edbi l\u1edbp v\u1ecf b\u1ecdc b\u00ean ngo\u00e0i ch\u1ed1ng \u0111\u01b0\u1ee3c g\u1ec9 s\u00e9t l\u00e2u ng\u00e0y th\u00eam v\u00e0o \u0111\u00f3 v\u1edbi \u0111\u1ed9 c\u0103ng c\u1ee9ng t\u1ed1t, m\u1ee9c \u0111\u1ed9 ch\u1ecbu l\u1ef1c r\u1ea5t cao. An to\u00e0n cho h\u00e0ng h\u00f3a v\u00e0 ng\u01b0\u1eddi s\u1eed d\u1ee5ng.<\/p>\n","protected":false},"featured_media":737,"comment_status":"open","ping_status":"closed","template":"","meta":[],"_links":{"self":[{"href":"https:\/\/phuongphuphat.com\/index.php?rest_route=\/wp\/v2\/product\/729"}],"collection":[{"href":"https:\/\/phuongphuphat.com\/index.php?rest_route=\/wp\/v2\/product"}],"about":[{"href":"https:\/\/phuongphuphat.com\/index.php?rest_route=\/wp\/v2\/types\/product"}],"replies":[{"embeddable":true,"href":"https:\/\/phuongphuphat.com\/index.php?rest_route=%2Fwp%2Fv2%2Fcomments&post=729"}],"wp:featuredmedia":[{"embeddable":true,"href":"https:\/\/phuongphuphat.com\/index.php?rest_route=\/wp\/v2\/media\/737"}],"wp:attachment":[{"href":"https:\/\/phuongphuphat.com\/index.php?rest_route=%2Fwp%2Fv2%2Fmedia&parent=729"}],"curies":[{"name":"wp","href":"https:\/\/api.w.org\/{rel}","templated":true}]}}