{"id":727,"date":"2020-06-27T15:07:53","date_gmt":"2020-06-27T15:07:53","guid":{"rendered":"http:\/\/phuongphuphat.com\/?post_type=product&#038;p=727"},"modified":"2020-07-05T09:06:13","modified_gmt":"2020-07-05T09:06:13","slug":"day-dai-composite","status":"publish","type":"product","link":"https:\/\/phuongphuphat.com\/?product=day-dai-composite","title":{"rendered":"D\u00e2y \u0111ai Composite"},"content":{"rendered":"<p><strong>\u01afU \u0110I\u1ec2M D\u00c2Y \u0110AI COMPOSITE<\/strong><\/p>\n<ul>\n<li>M\u1ea1nh v\u00e0 b\u1ec1n h\u01a1n d\u00e2y \u0111ai th\u00e9p.<\/li>\n<li>Kh\u00f4ng s\u1eafc b\u00e9n nh\u1ecdn v\u00e0 kh\u00f4ng g\u00e2y t\u1ed5n h\u1ea1i, tr\u1ea7y x\u01b0\u1edbc v\u1ec1 h\u00e0ng h\u00f3a.<\/li>\n<li>Kh\u00f4ng b\u1ecb g\u1ec9, ch\u1ecbu \u0111\u01b0\u1ee3c axit H2SO4 98%.<\/li>\n<li>Ch\u1ecbu \u0111\u1ef1ng \u0111\u01b0\u1ee3c t\u1ea5t c\u1ea3 \u0111i\u1ec1u ki\u1ec7n th\u1eddi ti\u1ebft v\u00e0 tia UV<\/li>\n<li>\u0110\u1ed9 xi\u1ebft ch\u1eb7t v\u00e0 ch\u1ecbu l\u1ef1c cao.<\/li>\n<li>Ch\u1ecbu \u0111\u01b0\u1ee3c l\u1ef1c shock khi v\u1eadn chuy\u1ec3n h\u00e0ng h\u00f3a, h\u00e0ng h\u00f3a kh\u00f3 \u0111\u1ed5 v\u1ee1 v\u00e0 tr\u00e1nh \u0111\u01b0\u1ee3c r\u1ee7i ro trong giao nh\u1eadn v\u1eadn chuy\u1ec3n.<\/li>\n<li>T\u00e1i s\u1eed d\u1ee5ng \u0111\u01b0\u1ee3c, d\u1ec5 d\u00e0ng ch\u1eafp n\u1ed1i khi thi\u1ebfu d\u00e2y m\u00e0 v\u1eabn \u0111\u1ea3m b\u1ea3o \u0111\u1ed9 si\u1ebft ch\u1eb7t h\u00e0ng h\u00f3a.<\/li>\n<li>Nhanh v\u00e0 g\u1ecdn khi thao t\u00e1c<\/li>\n<li>S\u1eed d\u1ee5ng linh \u0111\u1ed9ng, s\u1ea3n ph\u1ea9m nh\u1eb9. C\u00f4ng su\u1ea5t l\u00e0m cao h\u01a1n khi d\u00f9ng v\u1edbi c\u00f4ng c\u1ee5 \u0111i k\u00e8m.<\/li>\n<li><img src=\"https:\/\/lh3.googleusercontent.com\/proxy\/kJxkx9DEQinuZ227oVGpxtLmrGXQ-o9owxSUrTgOsAOyHCkSF2-Fdmzxdr4hRLpxi2NAm7DNEGnVlsDt18EvbMzRiVltwsHp1j6jJrZ391kjxo8dA6x7t4U\" alt=\"D\u00c2Y \u0110AI H\u00c0NG CH\u1ea4T L\u01af\u1ee2NG CAO POLYESTER\" \/><\/li>\n<\/ul>\n<p><strong>\u1ee8NG D\u1ee4NG PH\u1ed4 BI\u1ebeN :<\/strong><\/p>\n<ul>\n<li>C\u00f4ng nghi\u1ec7p g\u1ed1m s\u1ee9, th\u1ee7y tinh<\/li>\n<li>C\u00f4ng nghi\u1ec7p gi\u1ea5y<\/li>\n<li>G\u1ed7, v\u00e1n \u00e9p<\/li>\n<li>C\u00f4ng nghi\u1ec7p n\u01b0\u1edbc gi\u1ea3i kh\u00e1t, \u0111\u00f3ng lon, \u0111\u00f3ng chai<\/li>\n<li>C\u00f4ng nghi\u1ec7p ch\u1ebf t\u1ea1o c\u00e1p quang<\/li>\n<li>V\u1eadt li\u1ec7u x\u00e2y d\u1ef1ng<\/li>\n<li>C\u01a1 kh\u00ed, c\u00f4ng nghi\u1ec7p n\u1eb7ng<\/li>\n<\/ul>\n<p>&nbsp;<\/p>\n<p><img src=\"https:\/\/baoquanhanghoa.com\/wp-content\/uploads\/2016\/10\/compositestraphlcaplications1.png\" alt=\"D\u00e2y \u0111ai \u0111\u00f3ng h\u00e0ng composite 19mm\" \/><\/p>\n<p>&nbsp;<\/p>\n","protected":false},"excerpt":{"rendered":"<p>D\u00e2y \u0110ai Composite L\u00e0 G\u00ec?<\/p>\n<p>D\u00e2y \u0111ai composite \u0111\u01b0\u1ee3c l\u00e0m t\u1eeb s\u1ee3i d\u1ec7t polyester c\u00f3 \u0111\u1ed9 dai cao.<\/p>\n<p>Ch\u1ea5t li\u1ec7u:\u00a0 polyester va\u0300 composite.<\/p>\n<p>K\u00edch th\u01b0\u1edbc: 13, 16, 19, 25mm \u0111\u00ea\u0301n 32mm.<\/p>\n<p>\u0110\u1ed9 ch\u1ecbu l\u1ef1c: 500 kg \u0111\u00ea\u0301n 2400 kg.<\/p>\n","protected":false},"featured_media":863,"comment_status":"open","ping_status":"closed","template":"","meta":[],"_links":{"self":[{"href":"https:\/\/phuongphuphat.com\/index.php?rest_route=\/wp\/v2\/product\/727"}],"collection":[{"href":"https:\/\/phuongphuphat.com\/index.php?rest_route=\/wp\/v2\/product"}],"about":[{"href":"https:\/\/phuongphuphat.com\/index.php?rest_route=\/wp\/v2\/types\/product"}],"replies":[{"embeddable":true,"href":"https:\/\/phuongphuphat.com\/index.php?rest_route=%2Fwp%2Fv2%2Fcomments&post=727"}],"wp:featuredmedia":[{"embeddable":true,"href":"https:\/\/phuongphuphat.com\/index.php?rest_route=\/wp\/v2\/media\/863"}],"wp:attachment":[{"href":"https:\/\/phuongphuphat.com\/index.php?rest_route=%2Fwp%2Fv2%2Fmedia&parent=727"}],"curies":[{"name":"wp","href":"https:\/\/api.w.org\/{rel}","templated":true}]}}