{"id":718,"date":"2020-06-27T15:02:24","date_gmt":"2020-06-27T15:02:24","guid":{"rendered":"http:\/\/phuongphuphat.com\/?post_type=product&#038;p=718"},"modified":"2023-04-11T15:52:43","modified_gmt":"2023-04-11T15:52:43","slug":"mang-pe-cuon-2-lop","status":"publish","type":"product","link":"https:\/\/phuongphuphat.com\/?product=mang-pe-cuon-2-lop","title":{"rendered":"M\u00e0ng PE cu\u1ed9n 2 l\u1edbp (nylon cu\u1ed9n)"},"content":{"rendered":"<p>M\u00e0ng nylon cu\u1ed9n 2 l\u1edbp l\u00e0 s\u1ea3n ph\u1ea9m h\u1eefu hi\u1ec7u d\u00f9ng cho vi\u1ec7c b\u1ecdc, qu\u1ea5n, \u0111\u00f3ng g\u00f3i h\u00e0ng h\u00f3a, b\u01b0u ki\u1ec7n, \u0111\u1ea3m b\u1ea3o an to\u00e0n trong qu\u00e1 tr\u00ecnh v\u1eadn chuy\u1ec3n hay b\u1ea3o qu\u1ea3n. M\u1ed9t gi\u1ea3i ph\u00e1p t\u1ed1i \u01b0u c\u00e1c ki\u1ec7n h\u00e0ng xu\u1ea5t kh\u1ea9u \u0111\u00f3ng trong Pallet, h\u00e0ng h\u00f3a \u0111\u01b0\u1ee3c b\u1ea3o v\u1ec7 t\u1ed1i \u0111a trong qu\u00e1 tr\u00ecnh v\u1eadn chuy\u1ec3n.<\/p>\n<p>&#8211; T\u00ednh n\u0103ng: D\u00e0y d\u1eb7n, b\u1ec1n d\u1ebbo, \u0111\u1ec3 d\u01b0\u1edbi n\u1eafng kh\u00f4ng lo b\u1ecb gi\u00f2n, kh\u00f4ng th\u1ea5m n\u01b0\u1edbc&#8230;<\/p>\n<p>&#8211; b\u1ea3o v\u1ec7 b\u1ec1 m\u1eb7t c\u00f2n c\u00f3 t\u00e1c d\u1ee5ng b\u1ea3o v\u1ec7 b\u1ec1 m\u1eb7t ch\u1ea5t li\u1ec7u, ch\u1ed1ng tr\u1ea7y x\u01b0\u1edbc \u0111\u1ed1i v\u1edbi ch\u1ea5t li\u1ec7u k\u00ednh, g\u1ed7, nh\u1ef1a.. ng\u0103n ng\u1eeba t\u00ecnh tr\u1ea1ng oxy h\u00f3a v\u1edbi b\u1ec1 m\u1eb7t kim lo\u1ea1i nh\u01b0 nh\u00f4m, s\u1eaft, th\u00e9p\u2026<\/p>\n<p><img loading=\"lazy\" class=\"alignnone size-medium\" src=\"https:\/\/i.imgur.com\/F9xjBgk.jpg\" width=\"1060\" height=\"1014\" \/><\/p>\n","protected":false},"excerpt":{"rendered":"<p>M\u00e0ng Nylon cu\u1ed9n 2 l\u1edbp c\u00f3 th\u00e0nh ph\u1ea7n l\u00e0 m\u00e0ng nilon ch\u1ea5t li\u1ec7u LLDPE (Linear Low Density Polyethylene).\u00a0 \u0110\u1ec3 s\u1ea3n xu\u1ea5t m\u00e0ng nylon cu\u1ed9n 2 l\u1edbp \u0111\u1ea7u ti\u00ean h\u1ea1t nh\u1ef1a PE \u0111\u01b0\u1ee3c \u0111\u01b0a v\u00e0o m\u00e1y \u0111\u00f9n, m\u00e1y c\u00f3 khu\u00f4n \u0111\u1ea7u d\u1eb9p hay \u0111\u01b0\u1ee3c t\u1ea1o t\u1eeb khu\u00f4n \u0111\u1ea7u tr\u00f2n, h\u1ea1t nh\u1ef1a n\u00e2ng nhi\u1ec7t l\u00e0m nh\u1ef1a n\u00f3ng ch\u1ea3y, ti\u1ebfp theo nh\u1ef1a s\u1ebd \u0111\u01b0\u1ee3c \u0111\u01b0a qua \u0111\u1ea7u khu\u00f4n, sau \u0111\u00f3 \u0111\u01b0\u1ee3c \u0111i qua khu\u00f4n \u0111\u1ecbnh h\u00ecnh, v\u00e0 l\u00e0m ngu\u1ed9i r\u1ed3i cu\u1ed9n v\u00e0o. Trong qu\u00e1 tr\u00ecnh \u0111i qua khu\u00f4n \u0111\u1ecbnh h\u00ecnh ta c\u00f3 th\u1ec3 \u0111i\u1ec1u ch\u1ec9nh \u0111\u1ed9 d\u00e0y m\u1ecfng c\u1ee7a m\u00e0ng b\u1edfi t\u1ed1c \u0111\u1ed9 k\u00e9o d\u00e3n.<\/p>\n","protected":false},"featured_media":726,"comment_status":"open","ping_status":"closed","template":"","meta":[],"_links":{"self":[{"href":"https:\/\/phuongphuphat.com\/index.php?rest_route=\/wp\/v2\/product\/718"}],"collection":[{"href":"https:\/\/phuongphuphat.com\/index.php?rest_route=\/wp\/v2\/product"}],"about":[{"href":"https:\/\/phuongphuphat.com\/index.php?rest_route=\/wp\/v2\/types\/product"}],"replies":[{"embeddable":true,"href":"https:\/\/phuongphuphat.com\/index.php?rest_route=%2Fwp%2Fv2%2Fcomments&post=718"}],"wp:featuredmedia":[{"embeddable":true,"href":"https:\/\/phuongphuphat.com\/index.php?rest_route=\/wp\/v2\/media\/726"}],"wp:attachment":[{"href":"https:\/\/phuongphuphat.com\/index.php?rest_route=%2Fwp%2Fv2%2Fmedia&parent=718"}],"curies":[{"name":"wp","href":"https:\/\/api.w.org\/{rel}","templated":true}]}}