{"id":706,"date":"2020-06-27T14:42:54","date_gmt":"2020-06-27T14:42:54","guid":{"rendered":"http:\/\/phuongphuphat.com\/?post_type=product&#038;p=706"},"modified":"2023-04-11T15:52:43","modified_gmt":"2023-04-11T15:52:43","slug":"bang-keo","status":"publish","type":"product","link":"https:\/\/phuongphuphat.com\/?product=bang-keo","title":{"rendered":"B\u0103ng Keo"},"content":{"rendered":"<p>B\u0103ng keo trong l\u00e0 m\u1ed9t trong nh\u1eefng v\u1eadt li\u1ec7u \u0111\u01b0\u1ee3c s\u1ea3n xu\u1ea5t t\u1eeb m\u00e0ng nh\u1ef1a BOPP, \u0111\u1ed9 b\u00e1m d\u00ednh cao v\u00e0 kh\u00e1 b\u1ec1n ch\u1eafc. B\u0103ng keo \u0111\u01b0\u1ee3c s\u1ea3n xu\u1ea5t d\u1ea1ng l\u00f5i gi\u1ea5y c\u1ee9ng h\u00ecnh tr\u1ee5 tr\u00f2n gi\u00fap m\u00e0ng b\u0103ng keo b\u00e1m d\u00ednh xung quanh, d\u1ec5 d\u00e0ng c\u1ea7m n\u1eafm v\u00e0 s\u1eed d\u1ee5ng. Hi\u1ec7n nay, b\u0103ng keo d\u00e1n \u0111\u01b0\u1ee3c s\u1ea3n xu\u1ea5t v\u1edbi nhi\u1ec1u m\u00e0u s\u1eafc \u0111a d\u1ea1ng, trong \u0111\u00f3, b\u0103ng keo trong \u0111\u01b0\u1ee3c kh\u00e1 nhi\u1ec1u ng\u01b0\u1eddi \u01b0a chu\u1ed9ng. B\u0103ng keo trong v\u1edbi \u0111\u1ed9 trong su\u1ed1t cao n\u00ean \u0111\u1ea3m b\u1ea3o \u0111\u01b0\u1ee3c t\u00ednh th\u1ea9m m\u1ef9 khi d\u00e1n c\u00e1c th\u00e0nh ph\u1ea9m.<\/p>\n<p><img loading=\"lazy\" class=\"alignnone size-medium wp-image-715\" src=\"http:\/\/phuongphuphat.com\/wp-content\/uploads\/2020\/06\/bang-keo-trong-5-300x300.jpg\" alt=\"\" width=\"300\" height=\"300\" srcset=\"https:\/\/phuongphuphat.com\/wp-content\/uploads\/2020\/06\/bang-keo-trong-5-300x300.jpg 300w, https:\/\/phuongphuphat.com\/wp-content\/uploads\/2020\/06\/bang-keo-trong-5-150x150.jpg 150w, https:\/\/phuongphuphat.com\/wp-content\/uploads\/2020\/06\/bang-keo-trong-5-768x768.jpg 768w, https:\/\/phuongphuphat.com\/wp-content\/uploads\/2020\/06\/bang-keo-trong-5-510x510.jpg 510w, https:\/\/phuongphuphat.com\/wp-content\/uploads\/2020\/06\/bang-keo-trong-5-100x100.jpg 100w, https:\/\/phuongphuphat.com\/wp-content\/uploads\/2020\/06\/bang-keo-trong-5.jpg 1000w\" sizes=\"(max-width: 300px) 100vw, 300px\" \/><\/p>\n<p>B\u0103ng keo \u0111\u1ee5c th\u01b0\u1eddng \u0111\u01b0\u1ee3c ch\u1ebf t\u1ea1o t\u1eeb nguy\u00ean li\u1ec7u m\u00e0ng BOPP, keo n\u01b0\u1edbc nh\u1eadp kh\u1ea9u v\u00e0 ch\u1ea5t t\u1ea1o m\u00e0u v\u00e0ng<\/p>\n<p>B\u0103ng keo \u0111\u1ee5c \u0111\u1ea3m b\u1ea3o ch\u1ea5t l\u01b0\u1ee3ng s\u1ebd c\u00f3 kh\u1ea3 n\u0103ng ch\u1ecbu l\u1ef1c v\u00e0 b\u00e1m d\u00ednh kh\u00e1 t\u1ed1t, \u0111\u1ed9 d\u1ebbo dai cao.<\/p>\n<p><img loading=\"lazy\" class=\"alignnone wp-image-708\" src=\"http:\/\/phuongphuphat.com\/wp-content\/uploads\/2020\/06\/BANG-KEO-DUC-6.jpg\" alt=\"\" width=\"352\" height=\"352\" srcset=\"https:\/\/phuongphuphat.com\/wp-content\/uploads\/2020\/06\/BANG-KEO-DUC-6.jpg 300w, https:\/\/phuongphuphat.com\/wp-content\/uploads\/2020\/06\/BANG-KEO-DUC-6-150x150.jpg 150w, https:\/\/phuongphuphat.com\/wp-content\/uploads\/2020\/06\/BANG-KEO-DUC-6-100x100.jpg 100w\" sizes=\"(max-width: 352px) 100vw, 352px\" \/><\/p>\n","protected":false},"excerpt":{"rendered":"<p>B\u0103ng keo l\u00e0 m\u1ed9t lo\u1ea1i v\u1eadt li\u1ec7u c\u00f3 t\u00ednh n\u0103ng k\u1ebft d\u00ednh, th\u01b0\u1eddng bao g\u1ed3m keo k\u1ebft h\u1ee3p v\u1edbi m\u1ed9t v\u00e0i v\u1eadt li\u1ec7u dai, m\u1ec1m kh\u00e1c nh\u01b0 m\u00e0ng nh\u1ef1a BOPP, PVC,\u2026 B\u0103ng keo s\u1eed d\u1ee5ng ph\u1ea7n l\u1edbn trong nhu c\u1ea7u \u0111\u00f3ng g\u00f3i th\u00e0nh ph\u1ea9m, b\u1ea3o v\u1ec7 s\u1ea3n ph\u1ea9m. Ngo\u00e0i ra, b\u0103ng keo c\u00f2n c\u00f3 r\u1ea5t nhi\u1ec1u c\u00f4ng d\u1ee5ng trong c\u00e1c ng\u00e0nh nh\u01b0 \u0111i\u1ec7n t\u1eed, c\u00f4ng nghi\u1ec7p\u2026..<\/p>\n","protected":false},"featured_media":712,"comment_status":"open","ping_status":"closed","template":"","meta":[],"_links":{"self":[{"href":"https:\/\/phuongphuphat.com\/index.php?rest_route=\/wp\/v2\/product\/706"}],"collection":[{"href":"https:\/\/phuongphuphat.com\/index.php?rest_route=\/wp\/v2\/product"}],"about":[{"href":"https:\/\/phuongphuphat.com\/index.php?rest_route=\/wp\/v2\/types\/product"}],"replies":[{"embeddable":true,"href":"https:\/\/phuongphuphat.com\/index.php?rest_route=%2Fwp%2Fv2%2Fcomments&post=706"}],"wp:featuredmedia":[{"embeddable":true,"href":"https:\/\/phuongphuphat.com\/index.php?rest_route=\/wp\/v2\/media\/712"}],"wp:attachment":[{"href":"https:\/\/phuongphuphat.com\/index.php?rest_route=%2Fwp%2Fv2%2Fmedia&parent=706"}],"curies":[{"name":"wp","href":"https:\/\/api.w.org\/{rel}","templated":true}]}}