{"id":698,"date":"2020-06-27T14:34:58","date_gmt":"2020-06-27T14:34:58","guid":{"rendered":"http:\/\/phuongphuphat.com\/?post_type=product&#038;p=698"},"modified":"2020-09-18T14:44:20","modified_gmt":"2020-09-18T14:44:20","slug":"tui-pe","status":"publish","type":"product","link":"https:\/\/phuongphuphat.com\/?product=tui-pe","title":{"rendered":"T\u00fai Pe"},"content":{"rendered":"<p>T\u00fai PE trong c\u00f3 b\u1ec1 m\u1eb7t b\u00f3ng m\u1ecbn, b\u1ec1n d\u1ebbo. S\u1ea3n xu\u1ea5t bao pe kh\u1ed5 l\u1edbn d\u00f9ng trong c\u00f4ng nghi\u1ec7p \u2013 n\u00f4ng nghi\u1ec7p ho\u1eb7c \u0111\u1ef1ng h\u00e0ng b\u00e1n l\u1ebb ( bu-l\u00f4ng\u2026), \u0111\u1ef1ng th\u1ef1c ph\u1ea9m ( ch\u00e8 xanh, \u00f4 mai ng\u00e2m\u2026) , ho\u1eb7c trong ng\u00e0nh\u00a0 y t\u1ebf\u2026<\/p>\n<p>\u2013 Ch\u1ea5t li\u1ec7u LDPE trong<\/p>\n<p>\u2013 K\u00edch th\u01b0\u1edbc : nh\u1ecf nh\u1ea5t : 10\u00d715 cm<\/p>\n<p>\u2013 \u0110\u1ed9 d\u00e0y theo y\u00eau c\u1ea7u ( t\u1eeb 10mic \u0111\u1ebfn 200mic<\/p>\n<p><img loading=\"lazy\" class=\"alignnone wp-image-700\" src=\"http:\/\/phuongphuphat.com\/wp-content\/uploads\/2020\/06\/130347db110aec54b51b-300x255.jpg\" alt=\"\" width=\"412\" height=\"350\" srcset=\"https:\/\/phuongphuphat.com\/wp-content\/uploads\/2020\/06\/130347db110aec54b51b-300x255.jpg 300w, https:\/\/phuongphuphat.com\/wp-content\/uploads\/2020\/06\/130347db110aec54b51b.jpg 355w\" sizes=\"(max-width: 412px) 100vw, 412px\" \/><\/p>\n","protected":false},"excerpt":{"rendered":"<p>T\u00fai PE, t\u00fai nilon hay t\u00fai nh\u1ef1a \u0111\u00e3 tr\u1edf n\u00ean th\u00e2n thu\u1ed9c trong cu\u1ed9c s\u1ed1ng. T\u00fai nh\u1ef1a hi\u1ec7n nay c\u00f3 r\u1ea5t nhi\u1ec1u lo\u1ea1i, \u00a0c\u00f3 t\u00ean g\u1ecdi \u00a0v\u00e0 c\u00f4ng d\u1ee5ng kh\u00e1c nhau. Ch\u00fang ta c\u00f3 \u00a0nh\u1eefng lo\u1ea1i t\u00fai nilon th\u01b0\u1eddng g\u1eb7p trong cu\u1ed9c s\u1ed1ng h\u00e0ng ng\u00e0y:\u00a0t\u00fai x\u1ed1p, t\u00fai T-shirt, t\u00fai HD, t\u00fai PE, t\u00fai Roll \u00a0cu\u1ed9n\u2026 trong \u0111\u00f3, t\u00fai PE l\u00e0 m\u1ed9t lo\u1ea1i t\u00fai \u0111\u01b0\u1ee3c s\u1eed d\u1ee5ng r\u1ea5t ph\u1ed5 bi\u1ebfn hi\u1ec7n nay.<\/p>\n","protected":false},"featured_media":699,"comment_status":"open","ping_status":"closed","template":"","meta":[],"_links":{"self":[{"href":"https:\/\/phuongphuphat.com\/index.php?rest_route=\/wp\/v2\/product\/698"}],"collection":[{"href":"https:\/\/phuongphuphat.com\/index.php?rest_route=\/wp\/v2\/product"}],"about":[{"href":"https:\/\/phuongphuphat.com\/index.php?rest_route=\/wp\/v2\/types\/product"}],"replies":[{"embeddable":true,"href":"https:\/\/phuongphuphat.com\/index.php?rest_route=%2Fwp%2Fv2%2Fcomments&post=698"}],"wp:featuredmedia":[{"embeddable":true,"href":"https:\/\/phuongphuphat.com\/index.php?rest_route=\/wp\/v2\/media\/699"}],"wp:attachment":[{"href":"https:\/\/phuongphuphat.com\/index.php?rest_route=%2Fwp%2Fv2%2Fmedia&parent=698"}],"curies":[{"name":"wp","href":"https:\/\/api.w.org\/{rel}","templated":true}]}}