{"id":222,"date":"2019-03-19T16:38:26","date_gmt":"2019-03-19T16:38:26","guid":{"rendered":"http:\/\/phuongphuphat.com\/?post_type=product&#038;p=222"},"modified":"2023-04-11T15:54:05","modified_gmt":"2023-04-11T15:54:05","slug":"mang-pe","status":"publish","type":"product","link":"https:\/\/phuongphuphat.com\/?product=mang-pe","title":{"rendered":"M\u00e0ng PE ( M\u00e0ng Co, M\u00e0ng Ch\u00edt )"},"content":{"rendered":"<p>M\u00e0ng PE c\u00f3 m\u00e0u trong su\u1ed1t, h\u01a1i c\u00f3 \u00e1nh m\u1edd v\u1edbi \u0111\u1eb7c t\u00ednh m\u1ec1m d\u1ebbo, kh\u00f4ng d\u1eabn nhi\u1ec7t v\u00e0 kh\u00f4ng d\u1eabn \u0111i\u1ec7n. Ch\u00fang c\u00f3 kh\u1ea3 kh\u00f4ng th\u1ea5m n\u01b0\u1edbc, ch\u1ed1ng d\u1ea7u m\u1ee1, ch\u1ed1ng b\u1ee5i, ch\u1ed1ng th\u1ea5m kh\u00ed O2, CO2, NO2\u2026 Ch\u00fang c\u00f3 t\u00ednh ch\u1ea5t h\u00f3a h\u1ecdc c\u1ee7a Hidrocacbon no nh\u01b0:<\/p>\n<ul>\n<li>Kh\u00f4ng t\u00e1c d\u1ee5ng v\u1edbi axit, ki\u1ec3m, thu\u1ed1c t\u00edm, n\u01b0\u1edbc Br.<\/li>\n<li>Kh\u00f4ng m\u00e0u kh\u00f4ng m\u00f9i, \u0111\u1eb7c t\u00ednh tr\u01a1 v\u1edbi t\u1ea5t c\u1ea3 c\u00e1c lo\u1ea1i dung m\u00f4i \u1edf nhi\u1ec7t \u0111\u1ed9 th\u01b0\u1eddng.<\/li>\n<li>\u1ede nhi\u1ec7t \u0111\u1ed9 cao PE h\u00f2a tan k\u00e9m trong c\u00e1c dung m\u00f4i nh\u01b0: xilen, amylacetat, tricloetylen, d\u1ea7u th\u00f4ng, d\u1ea7u kho\u00e1ng\u2026<\/li>\n<li>Kh\u00f4ng b\u1ecb h\u00f2a tan trong n\u01b0\u1edbc v\u00e0 c\u00e1c lo\u1ea1i r\u01b0\u1ee3u b\u00e9o, acton, este etylic, glycerin\u2026<\/li>\n<li>\u0110\u1ed9 d\u1ebdo, dai v\u00e0 ch\u1ed1ng \u0111\u00e2m th\u1ee7ng t\u1ed1t<\/li>\n<li>Kh\u1ea3 n\u0103ng co gi\u00e3n cao l\u00ean t\u1edbi 300%, \u0111\u1ed9 b\u00e1m d\u00ednh t\u1ed1t.<\/li>\n<li>Kh\u00f4ng m\u00f9i, kh\u00f4ng \u0111\u1ed9c h\u1ea1i v\u00e0 an to\u00e0n khi s\u1eed d\u1ee5ng<\/li>\n<li>Th\u00e2n thi\u1ec7n v\u1edbi m\u00f4i tr\u01b0\u1eddng<\/li>\n<\/ul>\n<p>&nbsp;<\/p>\n<p><img loading=\"lazy\" class=\"alignnone wp-image-687\" src=\"http:\/\/phuongphuphat.com\/wp-content\/uploads\/2019\/03\/PE-2-300x300.jpg\" alt=\"\" width=\"360\" height=\"360\" srcset=\"https:\/\/phuongphuphat.com\/wp-content\/uploads\/2019\/03\/PE-2-300x300.jpg 300w, https:\/\/phuongphuphat.com\/wp-content\/uploads\/2019\/03\/PE-2-150x150.jpg 150w, https:\/\/phuongphuphat.com\/wp-content\/uploads\/2019\/03\/PE-2-510x510.jpg 510w, https:\/\/phuongphuphat.com\/wp-content\/uploads\/2019\/03\/PE-2-100x100.jpg 100w, https:\/\/phuongphuphat.com\/wp-content\/uploads\/2019\/03\/PE-2.jpg 512w\" sizes=\"(max-width: 360px) 100vw, 360px\" \/>\u00a0 \u00a0 \u00a0 \u00a0 \u00a0 \u00a0 \u00a0 \u00a0 \u00a0 \u00a0 \u00a0 \u00a0 \u00a0 \u00a0 \u00a0<img loading=\"lazy\" class=\"alignnone size-medium wp-image-688\" src=\"http:\/\/phuongphuphat.com\/wp-content\/uploads\/2019\/03\/76a90e636bb296eccfa3-300x300.jpg\" alt=\"\" width=\"300\" height=\"300\" srcset=\"https:\/\/phuongphuphat.com\/wp-content\/uploads\/2019\/03\/76a90e636bb296eccfa3-300x300.jpg 300w, https:\/\/phuongphuphat.com\/wp-content\/uploads\/2019\/03\/76a90e636bb296eccfa3-150x150.jpg 150w, https:\/\/phuongphuphat.com\/wp-content\/uploads\/2019\/03\/76a90e636bb296eccfa3-100x100.jpg 100w, https:\/\/phuongphuphat.com\/wp-content\/uploads\/2019\/03\/76a90e636bb296eccfa3.jpg 500w\" sizes=\"(max-width: 300px) 100vw, 300px\" \/><\/p>\n<h2><span id=\"Cach_su_dung_mang_PE\">C\u00e1ch s\u1eed d\u1ee5ng m\u00e0ng PE<\/span><\/h2>\n<p>C\u00e1ch s\u1eed d\u1ee5ng m\u00e0ng PE kh\u00e1 \u0111\u01a1n gi\u1ea3n. C\u00f3 2 ph\u01b0\u01a1ng ph\u00e1p s\u1eed d\u1ee5ng \u0111\u00f3 l\u00e0 qu\u1ea5n th\u1ee7 c\u00f4ng v\u00e0 qu\u1ea5n b\u1eb1ng m\u00e1y.<\/p>\n<p>\u0110\u1ed1i v\u1edbi ph\u01b0\u01a1ng ph\u00e1p qu\u1ea5n th\u1ee7 c\u00f4ng th\u01b0\u1eddng \u0111\u01b0\u1ee3c \u00e1p d\u1ee5ng t\u1ea1i c\u00e1c c\u1eeda h\u00e0ng nh\u1ecf, c\u00f4ng ty nh\u1ecf v\u1edbi s\u1ed1 l\u01b0\u1ee3ng s\u1eed d\u1ee5ng \u00edt.<\/p>\n<p><img src=\"https:\/\/lh3.googleusercontent.com\/proxy\/TTHg87YRQCQF4VAeJKdq2JaurAx7tveATR6N8_FbIpB9KCA2AnuupMgQOO9AYs411w04Jc-MRx3XDfM7h_X_ZtE96hgyDRW-2Sp_8TF7M20O\" alt=\"M\u00e0ng PE qu\u1ea5n m\u00e1y, M\u00e0ng PE qu\u1ea5n tay, M\u00e0ng t\u00fai kh\u00ed, M\u00e0ng PE c\u00e1ch nhi\u1ec7t\" \/><\/p>\n<p>V\u1edbi ph\u01b0\u01a1ng ph\u00e1p qu\u1ea5n b\u1eb1ng m\u00e1y th\u01b0\u1eddng \u0111\u01b0\u1ee3c \u00e1p d\u1ee5ng v\u1edbi c\u00e1c c\u1eeda h\u00e0ng hay c\u00f4ng ty v\u1edbi l\u01b0\u1ee3ng h\u00e0ng h\u00f3a l\u1edbn.<\/p>\n<p><img src=\"https:\/\/vatlieudonggoi.com.vn\/files\/mang-pe-quan-may-01.jpg\" alt=\"M\u00e0ng PE qu\u1ea5n m\u00e1y\" \/><\/p>\n<p>C\u00f3 nh\u00ecu lo\u1ea1i PE : PE c\u1eaft kh\u00fac, PE qu\u1ea5n tay, PE qu\u1ea5n m\u00e1y<\/p>\n<p>Quy c\u00e1ch : kh\u1ed5 r\u1ed9ng : 5cm &#8211; 150cm<\/p>\n<p>D\u00e0y : 12mic, 14mic, 17mic, 20mic, 23mic&#8230; 50 mic<\/p>\n","protected":false},"excerpt":{"rendered":"<p>M\u00e0ng PE m\u00e0ng \u0111\u01b0\u1ee3c t\u1ea1o ra t\u1eeb h\u1ea1t nh\u1ef1a LLDPE (Low Density Polyethylene) c\u00f3 m\u00e0u trong su\u1ed1t , th\u01b0\u1eddng \u0111\u01b0\u1ee3c g\u1ecdi l\u00e0 M\u00e0ng co-M\u00e0ng ch\u00edt &#8211; M\u00e0ng pe qu\u1ea5n pallet \u0111\u01b0\u1ee3c s\u1eed d\u1ee5ng ch\u1ee7 y\u1ebfu trong ng\u00e0y c\u00f4ng nghi\u1ec7p \u0111\u00f3ng g\u00f3i , bao b\u00ec s\u1ea3n ph\u1ea9m nh\u01b0 c\u1ed1 \u0111\u1ecbnh h\u00e0ng h\u00f3a , qu\u1ea5n pallet &#8230;<\/p>\n<p>M\u00e0ng PE qu\u1ea5n pallet gi\u00fap c\u1ed1 \u0111\u1ecbnh h\u00e0ng h\u00f3a tr\u00ean pallet,\u0111\u1ea3m b\u1ea3o an to\u00e0n khi v\u1eadn chuy\u1ec3n, h\u1ea1n ch\u1ebf b\u1ee5i b\u1ea9n, gi\u1ea3m thi\u1ec3u h\u01b0 h\u1ecfng h\u00e0ng h\u00f3a,gi\u00fap ti\u1ebft ki\u1ec7m chi ph\u00ed v\u00e0 t\u0103ng n\u0103ng su\u1ea5t lao \u0111\u1ed9ng, \u0111\u1ed3ng th\u1eddi s\u1ebd gi\u00fap ki\u1ec3m so\u00e1t h\u00e0ng t\u1ed3n kho t\u1ed1t h\u01a1n.<\/p>\n","protected":false},"featured_media":687,"comment_status":"open","ping_status":"closed","template":"","meta":[],"_links":{"self":[{"href":"https:\/\/phuongphuphat.com\/index.php?rest_route=\/wp\/v2\/product\/222"}],"collection":[{"href":"https:\/\/phuongphuphat.com\/index.php?rest_route=\/wp\/v2\/product"}],"about":[{"href":"https:\/\/phuongphuphat.com\/index.php?rest_route=\/wp\/v2\/types\/product"}],"replies":[{"embeddable":true,"href":"https:\/\/phuongphuphat.com\/index.php?rest_route=%2Fwp%2Fv2%2Fcomments&post=222"}],"wp:featuredmedia":[{"embeddable":true,"href":"https:\/\/phuongphuphat.com\/index.php?rest_route=\/wp\/v2\/media\/687"}],"wp:attachment":[{"href":"https:\/\/phuongphuphat.com\/index.php?rest_route=%2Fwp%2Fv2%2Fmedia&parent=222"}],"curies":[{"name":"wp","href":"https:\/\/api.w.org\/{rel}","templated":true}]}}