{"id":34,"date":"2019-03-19T10:17:05","date_gmt":"2019-03-19T10:17:05","guid":{"rendered":"http:\/\/phuongphuphat.com\/?page_id=34"},"modified":"2020-06-27T15:05:47","modified_gmt":"2020-06-27T15:05:47","slug":"lien-he","status":"publish","type":"page","link":"https:\/\/phuongphuphat.com\/?page_id=34","title":{"rendered":"Li\u00ean h\u1ec7"},"content":{"rendered":"\n<p><strong>C\u00d4NG TY TNHH SX TM DV PH\u01af\u01a0NG PH\u00da PH\u00c1T<\/strong><\/p>\n<p>\u0110\u1ecba ch\u1ec9: S\u1ed1 32, T\u1ed5 14, \u1ea4p 3, x\u00e3 Tam An, Huy\u1ec7n Long Th\u00e0nh, T\u1ec9nh \u0110\u1ed3ng Nai<\/p>\n<p>Hotline: 0902 953 318 &#8211; 0908 825 471<\/p>\n<p>Email: phuongphuphat090620@gmail.com | Website: http:\/\/phuongphuphat.com<\/p>\n<p>MST: 3603728556<\/p>\n<\/br>\n<p>  C\u1ea3m \u01a1n qu\u00fd v\u1ecb \u0111\u00e3 v\u00e0o th\u0103m Website c\u1ee7a ch\u00fang t\u00f4i! N\u1ebfu Qu\u00fd v\u1ecb c\u00f3 y\u00eau c\u1ea7u hay \u00fd ki\u1ebfn \u0111\u00f3ng g\u00f3p n\u00e0o, xin h\u00e3y s\u1eed d\u1ee5ng m\u1eabu d\u01b0\u1edbi \u0111\u00e2y. Ch\u00fang t\u00f4i s\u1ebd tr\u1ea3 l\u1eddi nh\u1eefng y\u00eau c\u1ea7u c\u1ee7a Qu\u00fd v\u1ecb trong th\u1eddi gian s\u1edbm nh\u1ea5t.<\/p>\n<\/br>\n<div role=\"form\" class=\"wpcf7\" id=\"wpcf7-f394-o1\" lang=\"vi\" dir=\"ltr\">\n<div class=\"screen-reader-response\" aria-live=\"polite\"><\/div>\n<form action=\"\/index.php?rest_route=%2Fwp%2Fv2%2Fpages%2F34#wpcf7-f394-o1\" method=\"post\" class=\"wpcf7-form\" novalidate=\"novalidate\">\n<div style=\"display: none;\">\n<input type=\"hidden\" name=\"_wpcf7\" value=\"394\" \/>\n<input type=\"hidden\" name=\"_wpcf7_version\" value=\"5.1.9\" \/>\n<input type=\"hidden\" name=\"_wpcf7_locale\" value=\"vi\" \/>\n<input type=\"hidden\" name=\"_wpcf7_unit_tag\" value=\"wpcf7-f394-o1\" \/>\n<input type=\"hidden\" name=\"_wpcf7_container_post\" value=\"0\" \/>\n<\/div>\n<div class=\"form-lien-he\">\n<h3>Th\u00f4ng tin kh\u00e1ch h\u00e0ng<\/h3>\n<p><span class=\"wpcf7-form-control-wrap text-592\"><input type=\"text\" name=\"text-592\" value=\"\" size=\"40\" class=\"wpcf7-form-control wpcf7-text wpcf7-validates-as-required\" aria-required=\"true\" aria-invalid=\"false\" placeholder=\"H\u1ecd t\u00ean c\u1ee7a b\u1ea1n...\" \/><\/span><br \/>\n<span class=\"wpcf7-form-control-wrap tel-245\"><input type=\"tel\" name=\"tel-245\" value=\"\" size=\"40\" class=\"wpcf7-form-control wpcf7-text wpcf7-tel wpcf7-validates-as-required wpcf7-validates-as-tel\" aria-required=\"true\" aria-invalid=\"false\" placeholder=\"S\u1ed1 \u0111i\u1ec7n tho\u1ea1i\" \/><\/span><br \/>\n<span class=\"wpcf7-form-control-wrap email-577\"><input type=\"email\" name=\"email-577\" value=\"\" size=\"40\" class=\"wpcf7-form-control wpcf7-text wpcf7-email wpcf7-validates-as-email\" aria-invalid=\"false\" placeholder=\"\u0110\u1ecba ch\u1ec9 email...\" \/><\/span><br \/>\n<span class=\"wpcf7-form-control-wrap textarea-136\"><textarea name=\"textarea-136\" cols=\"40\" rows=\"10\" class=\"wpcf7-form-control wpcf7-textarea\" aria-invalid=\"false\" placeholder=\"Ghi ch\u00fa...\"><\/textarea><\/span><br \/>\n<input type=\"submit\" value=\"G\u1eedi li\u00ean h\u1ec7\" class=\"wpcf7-form-control wpcf7-submit\" \/>\n<\/p><\/div>\n<div class=\"wpcf7-response-output wpcf7-display-none\" aria-hidden=\"true\"><\/div><\/form><\/div>\n","protected":false},"excerpt":{"rendered":"<p>C\u00d4NG TY TNHH SX TM DV PH\u01af\u01a0NG PH\u00da PH\u00c1T \u0110\u1ecba ch\u1ec9: S\u1ed1 32, T\u1ed5 14, \u1ea4p 3, x\u00e3 Tam An, Huy\u1ec7n Long Th\u00e0nh, T\u1ec9nh \u0110\u1ed3ng Nai Hotline: 0902 953 318 &#8211; 0908 825 471 Email: phuongphuphat090620@gmail.com | Website: http:\/\/phuongphuphat.com MST: 3603728556 C\u1ea3m \u01a1n qu\u00fd v\u1ecb \u0111\u00e3 v\u00e0o th\u0103m Website c\u1ee7a ch\u00fang t\u00f4i! N\u1ebfu Qu\u00fd v\u1ecb &#8230;<\/p>\n","protected":false},"author":4,"featured_media":0,"parent":0,"menu_order":0,"comment_status":"closed","ping_status":"closed","template":"page-right-sidebar.php","meta":[],"_links":{"self":[{"href":"https:\/\/phuongphuphat.com\/index.php?rest_route=\/wp\/v2\/pages\/34"}],"collection":[{"href":"https:\/\/phuongphuphat.com\/index.php?rest_route=\/wp\/v2\/pages"}],"about":[{"href":"https:\/\/phuongphuphat.com\/index.php?rest_route=\/wp\/v2\/types\/page"}],"author":[{"embeddable":true,"href":"https:\/\/phuongphuphat.com\/index.php?rest_route=\/wp\/v2\/users\/4"}],"replies":[{"embeddable":true,"href":"https:\/\/phuongphuphat.com\/index.php?rest_route=%2Fwp%2Fv2%2Fcomments&post=34"}],"version-history":[{"count":7,"href":"https:\/\/phuongphuphat.com\/index.php?rest_route=\/wp\/v2\/pages\/34\/revisions"}],"predecessor-version":[{"id":725,"href":"https:\/\/phuongphuphat.com\/index.php?rest_route=\/wp\/v2\/pages\/34\/revisions\/725"}],"wp:attachment":[{"href":"https:\/\/phuongphuphat.com\/index.php?rest_route=%2Fwp%2Fv2%2Fmedia&parent=34"}],"curies":[{"name":"wp","href":"https:\/\/api.w.org\/{rel}","templated":true}]}}