{"id":30,"date":"2019-03-19T10:16:52","date_gmt":"2019-03-19T10:16:52","guid":{"rendered":"http:\/\/phuongphuphat.com\/?page_id=30"},"modified":"2020-06-27T15:43:19","modified_gmt":"2020-06-27T15:43:19","slug":"gioi-thieu","status":"publish","type":"page","link":"https:\/\/phuongphuphat.com\/?page_id=30","title":{"rendered":"Gi\u1edbi thi\u1ec7u"},"content":{"rendered":"\n<div class=\"res_content\">\n<p><b><strong>C\u00d4NG TY TNHH SX TM DV PH\u01af\u01a0NG PH\u00da PH\u00c1T<\/strong> chuy\u00ean ho\u1ea1t \u0111\u1ed9ng trong c\u00e1c l\u0129nh v\u1ef1c sau:<br \/><\/b><\/p>\n<p><b>1.\u00a0<\/b>\u00a0<span class=\"Apple-converted-space\">\u00a0<\/span><b><u>Cung C\u1ea5p C\u00e1c Lo\u1ea1i D\u00e2y \u0110ai<\/u><\/b>\u00a0\u00a0\u00a0\u00a0<\/p>\n<p>Ch\u00fang t\u00f4i cung c\u1ea5p c\u00e1c gi\u1ea3i ph\u00e1p \u0111\u00f3ng g\u00f3i, \u0111ai ki\u1ec7n l\u00e0 m\u1ed9t h\u00ecnh th\u1ee9c bao b\u00ec b\u1ea3o v\u1ec7 an to\u00e0n cho c\u00e1c lo\u1ea1i s\u1ea3n ph\u1ea9m v\u00e0 h\u00e0ng ho\u00e1 c\u1ea7n l\u01b0u kho v\u00e0 v\u1eadn chuy\u1ec3n \u0111i n\u01a1i kh\u00e1c. S\u1ea3n ph\u1ea9m c\u1ee7a Ch\u00fang T\u00f4i \u0111\u01b0\u1ee3c kh\u00e1ch h\u00e0ng t\u00edn nhi\u1ec7m v\u1ec1 t\u00ednh hi\u1ec7u qu\u1ea3 c\u0169ng nh\u01b0\u00a0 v\u1ec3 ch\u1ea5t l\u01b0\u1ee3ng trong qu\u00e1 tr\u00ecnh v\u1eadn chuy\u1ec3n h\u00e0ng h\u00f3a.<\/p>\n<p>\u00a0\u00a0\u00a0 C\u00e1c lo\u1ea1i s\u1ea3n ph\u1ea9m s\u1eed d\u1ee5ng \u0111\u1ec3 \u00a0ph\u1ee5c v\u1ee5 cho c\u00f4ng ngh\u1ec7 \u0111\u00f3ng g\u00f3i, \u0111ai ki\u1ec7n b\u1ea3o v\u1ec7 h\u00e0ng ho\u00e1 bao g\u1ed3m c\u00e1c lo\u1ea1i d\u00e2y\u00a0 nh\u01b0: D\u00e2y\u00a0 \u0110ai\u00a0\u00a0 Nh\u1ef1a PET, D\u00e2y \u0110ai Th\u00e9p v\u00e0 c\u00e1c lo\u1ea1i C\u00f4ng C\u1ee5 D\u1ee5ng C\u1ee5 tr\u1ee3 gi\u00fap\u2026<span class=\"Apple-converted-space\">\u00a0<\/span><\/p>\n<p><strong>2.<\/strong><span class=\"Apple-converted-space\">\u00a0<\/span>\u00a0<strong>\u00a0\u00a0<u>Cung C\u1ea5p C\u00e1c Lo\u1ea1i Kh\u00f3a \u0110ai V\u00e0 D\u1ee5ng C\u1ee5 \u0110\u00f3ng \u0110ai<\/u><\/strong><br \/>Chuy\u00ean cung c\u1ea5p c\u00e1c lo\u1ea1i Kh\u00f3a \u0110ai v\u00e0 D\u1ee5ng C\u1ee5 \u0110\u00f3ng \u0110ai h\u1ed7 tr\u1ee3 cho qu\u00e1 tr\u00ecnh \u0111ai ki\u1ec7n h\u00e0ng h\u00f3a.<br \/><br \/><\/p>\n<p><strong>3.\u00a0\u00a0<span class=\"Apple-converted-space\">\u00a0<\/span><u>Cung C\u1ea5p C\u00e1c Lo\u1ea1i C\u00e1p Th\u00e9p V\u00e0 X\u00edch<\/u><span class=\"Apple-converted-space\">\u00a0<\/span>M\u1ea1.<\/strong><br \/>Chuy\u00ean cung c\u1ea5p c\u00e1c lo\u1ea1i c\u00e1p th\u00e9p chuy\u00ean d\u1ee5ng ch\u1ea5t l\u01b0\u1ee3ng cao s\u1eed d\u1ee5ng cho l\u0129nh v\u1ef1c t\u00e0u thuy\u1ec1n, l\u00e0m \u0111\u01b0\u1eddng cao t\u1ed1c, d\u00f9ng cho m\u00e1y x\u00fac, ng\u00e0nh d\u1ea7u kh\u00ed, c\u00e1p d\u1ef1 \u1ee9ng l\u1ef1c, c\u00e1p xe cho xe c\u1ea9u, th\u00e1p c\u1ea9u&#8230;<\/p>\n<\/div>\n\n","protected":false},"excerpt":{"rendered":"<p>C\u00d4NG TY TNHH SX TM DV PH\u01af\u01a0NG PH\u00da PH\u00c1T chuy\u00ean ho\u1ea1t \u0111\u1ed9ng trong c\u00e1c l\u0129nh v\u1ef1c sau: 1.\u00a0\u00a0\u00a0Cung C\u1ea5p C\u00e1c Lo\u1ea1i D\u00e2y \u0110ai\u00a0\u00a0\u00a0\u00a0 Ch\u00fang t\u00f4i cung c\u1ea5p c\u00e1c gi\u1ea3i ph\u00e1p \u0111\u00f3ng g\u00f3i, \u0111ai ki\u1ec7n l\u00e0 m\u1ed9t h\u00ecnh th\u1ee9c bao b\u00ec b\u1ea3o v\u1ec7 an to\u00e0n cho c\u00e1c lo\u1ea1i s\u1ea3n ph\u1ea9m v\u00e0 h\u00e0ng ho\u00e1 c\u1ea7n l\u01b0u kho &#8230;<\/p>\n","protected":false},"author":4,"featured_media":0,"parent":0,"menu_order":0,"comment_status":"closed","ping_status":"closed","template":"page-right-sidebar.php","meta":[],"_links":{"self":[{"href":"https:\/\/phuongphuphat.com\/index.php?rest_route=\/wp\/v2\/pages\/30"}],"collection":[{"href":"https:\/\/phuongphuphat.com\/index.php?rest_route=\/wp\/v2\/pages"}],"about":[{"href":"https:\/\/phuongphuphat.com\/index.php?rest_route=\/wp\/v2\/types\/page"}],"author":[{"embeddable":true,"href":"https:\/\/phuongphuphat.com\/index.php?rest_route=\/wp\/v2\/users\/4"}],"replies":[{"embeddable":true,"href":"https:\/\/phuongphuphat.com\/index.php?rest_route=%2Fwp%2Fv2%2Fcomments&post=30"}],"version-history":[{"count":4,"href":"https:\/\/phuongphuphat.com\/index.php?rest_route=\/wp\/v2\/pages\/30\/revisions"}],"predecessor-version":[{"id":784,"href":"https:\/\/phuongphuphat.com\/index.php?rest_route=\/wp\/v2\/pages\/30\/revisions\/784"}],"wp:attachment":[{"href":"https:\/\/phuongphuphat.com\/index.php?rest_route=%2Fwp%2Fv2%2Fmedia&parent=30"}],"curies":[{"name":"wp","href":"https:\/\/api.w.org\/{rel}","templated":true}]}}